{"id":470,"date":"2023-06-26T10:29:07","date_gmt":"2023-06-26T10:29:07","guid":{"rendered":"http:\/\/new.coventgarden.cat\/politica-de-privacitat\/"},"modified":"2023-06-27T11:09:30","modified_gmt":"2023-06-27T11:09:30","slug":"politica-de-privacitat","status":"publish","type":"page","link":"https:\/\/www.coventgarden.cat\/es\/politica-de-privacitat\/","title":{"rendered":"Pol\u00edtica de privacidad"},"content":{"rendered":"\t\t<div data-elementor-type=\"wp-page\" data-elementor-id=\"470\" class=\"elementor elementor-470 elementor-354\" data-elementor-post-type=\"page\">\n\t\t\t\t\t\t<section class=\"elementor-section elementor-top-section elementor-element elementor-element-1d809f9 elementor-section-boxed elementor-section-height-default elementor-section-height-default\" data-id=\"1d809f9\" data-element_type=\"section\">\n\t\t\t\t\t\t<div class=\"elementor-container elementor-column-gap-default\">\n\t\t\t\t\t<div class=\"elementor-column elementor-col-100 elementor-top-column elementor-element elementor-element-558311b\" data-id=\"558311b\" data-element_type=\"column\">\n\t\t\t<div class=\"elementor-widget-wrap elementor-element-populated\">\n\t\t\t\t\t\t<div class=\"elementor-element elementor-element-5a8d72d elementor-widget elementor-widget-heading\" data-id=\"5a8d72d\" data-element_type=\"widget\" data-widget_type=\"heading.default\">\n\t\t\t\t<div class=\"elementor-widget-container\">\n\t\t\t\t\t<h1 class=\"elementor-heading-title elementor-size-default\">Pol\u00edtica de privacidad<\/h1>\t\t\t\t<\/div>\n\t\t\t\t<\/div>\n\t\t\t\t\t<\/div>\n\t\t<\/div>\n\t\t\t\t\t<\/div>\n\t\t<\/section>\n\t\t\t\t<section class=\"elementor-section elementor-top-section elementor-element elementor-element-a6fa4bd elementor-section-boxed elementor-section-height-default elementor-section-height-default\" data-id=\"a6fa4bd\" data-element_type=\"section\">\n\t\t\t\t\t\t<div class=\"elementor-container elementor-column-gap-default\">\n\t\t\t\t\t<div class=\"elementor-column elementor-col-100 elementor-top-column elementor-element elementor-element-1d2c0b5\" data-id=\"1d2c0b5\" data-element_type=\"column\">\n\t\t\t<div class=\"elementor-widget-wrap elementor-element-populated\">\n\t\t\t\t\t\t<div class=\"elementor-element elementor-element-726e4ef elementor-widget elementor-widget-text-editor\" data-id=\"726e4ef\" data-element_type=\"widget\" data-widget_type=\"text-editor.default\">\n\t\t\t\t<div class=\"elementor-widget-container\">\n\t\t\t\t\t\t\t\t\t<p>Esta Pol\u00edtica de Privacidad tiene por objeto informar al usuario (en adelante, el \u201cUsuario\u201d) de la p\u00e1gina web COVENT GARDEN (en adelante, el \u201cSitio Web\u201d) sobre la recogida y tratamiento de sus datos personales.<\/p>\n<p><strong>\u00bfCu\u00e1l es la empresa responsable del tratamiento de sus datos?<\/strong><\/p>\n<p>La empresa responsable del tratamiento de sus datos es M\u00f3nica Orteu Mart\u00ednez (en adelante, \u201cRESPONSABLE\u201d) con NIF 53285172Z y domicilio social en Passeig Rambleta 19, baixos, 08930, San Adri\u00e1n de Bes\u00f3s.<\/p>\n<p>Para cualquier cuesti\u00f3n relacionada con la presente Pol\u00edtica de Privacidad y Protecci\u00f3n de Datos, el Usuario podr\u00e1 contactar con RESPONSABLE en el correo electr\u00f3nico contacte@coventgarden.cat.<\/p>\n<p><strong>\u00bfPor qu\u00e9 el RESPONSABLE est\u00e1 legitimado para llevar a cabo el tratamiento de datos?<\/strong><\/p>\n<p>El RESPONSABLE procesa los datos personales del Usuario con el fin de poder llevar a cabo la prestaci\u00f3n de los servicios que este haya solicitado a trav\u00e9s del Sitio Web, para lo cual el Usuario presta su consentimiento mediante la aceptaci\u00f3n de la presente Pol\u00edtica de Privacidad y las casillas facilitadas correspondientes.<\/p>\n<p>El RESPONSABLE se toma muy en serio la protecci\u00f3n de su privacidad y de sus datos personales. Por lo tanto, su informaci\u00f3n personal se conserva de forma segura y se trata con el m\u00e1ximo cuidado, cumpliendo \u00edntegramente con lo dispuesto en el Reglamento (UE) 2016\/679 del Parlamento Europeo y del Consejo, de 27 de abril de 2016, relativo a la protecci\u00f3n de las personas f\u00edsicas en lo que respecta al tratamiento de datos personales y a la libre circulaci\u00f3n de estos datos (en adelante, \u201cRGPD\u201d).<\/p>\n<p><strong>\u00bfCu\u00e1les son las finalidades del tratamiento de sus datos de car\u00e1cter personal?<\/strong><\/p>\n<p>La presente Pol\u00edtica de Privacidad regula el acceso y el uso a los servicios (en adelante, los \u201cServicios\u201d) que el RESPONSABLE pone a disposici\u00f3n de los Usuarios interesados en los servicios y a los contenidos alojados en el Sitio Web.<\/p>\n<p>De conformidad con lo establecido en el RGPD, le informamos que sus datos personales ser\u00e1n tratados con las finalidades que se relacionan a continuaci\u00f3n:<\/p>\n<p>Prestar los servicios solicitados por el Usuario en el Sitio Web.<\/p>\n<p>Enviar Newsletters y comunicaciones comerciales y promocionales relacionadas con los servicios del RESPONSABLE, por correo electr\u00f3nico, SMS\/MMS, por carta, tel\u00e9fono, o por otros medios de comunicaci\u00f3n electr\u00f3nica equivalentes, si as\u00ed lo desea el Usuario.<\/p>\n<p>No obstante, el Usuario podr\u00e1 revocar el consentimiento en cada comunicado comercial que se le haga llegar y, en cualquier momento, mediante notificaci\u00f3n en la siguiente direcci\u00f3n de correo electr\u00f3nico (contacte@coventgarden.cat).<\/p>\n<p><strong>Conservaci\u00f3n de los datos<\/strong><\/p>\n<p>Los datos recabados por el RESPONSABLE se conservar\u00e1n mientras se mantenga la relaci\u00f3n contractual de prestaci\u00f3n de servicios entre las partes, siempre y cuando no se solicite la supresi\u00f3n de dichos datos por el Usuario.<\/p>\n<p>Se informa al Usuario que sus datos ser\u00e1n recogidos \u00fanicamente para los fines expuestos en los p\u00e1rrafos anteriores y no ser\u00e1n tratados de manera incompatible con dichos fines.<\/p>\n<p><strong>Veracidad de los datos facilitados por los Usuarios<\/strong><\/p>\n<p>El Usuario garantiza que los datos personales facilitados son veraces y se hace responsable de comunicar al RESPONSABLE cualquier modificaci\u00f3n de los mismos. El Usuario responder\u00e1, en cualquier caso, de la veracidad de los datos facilitados, reserv\u00e1ndose el RESPONSABLE el derecho a excluir de los servicios registrados a todos los Usuarios que hayan facilitado datos falsos, sin perjuicio de las dem\u00e1s acciones que procedan en Derecho.<\/p>\n<p>Se recomienda tener la m\u00e1xima diligencia en materia de Protecci\u00f3n de Datos mediante la utilizaci\u00f3n de herramientas de seguridad, no pudi\u00e9ndose responsabilizar al RESPONSABLE de sustracciones, modificaciones o p\u00e9rdidas de datos il\u00edcitas.<\/p>\n<p>Cualquier modificaci\u00f3n o actualizaci\u00f3n de los mismos, deber\u00e1 ser comunicada al RESPONSABLE a trav\u00e9s de los medios de comunicaci\u00f3n disponibles en la presente Pol\u00edtica de Privacidad.<\/p>\n<p><strong>\u00bfC\u00f3mo revoco mi consentimiento y ejercito mis derechos?<\/strong><\/p>\n<p>El Usuario tiene derecho a<strong>\u00a0(i)<\/strong>\u00a0acceder a sus datos personales, as\u00ed como a\u00a0<strong>(ii)<\/strong>\u00a0solicitar la rectificaci\u00f3n de los datos inexactos o, en su caso,\u00a0<strong>(iii)<\/strong>\u00a0solicitar su supresi\u00f3n,\u00a0<strong>(iv)\u00a0<\/strong>solicitar la limitaci\u00f3n del tratamiento de sus datos,\u00a0<strong>(v)\u00a0<\/strong>oponerse al tratamiento de sus datos\u00a0<strong>(vi)\u00a0<\/strong>ejercitar el derecho al olvido de sus datos y\u00a0<strong>(vii)\u00a0<\/strong>solicitar su portabilidad.<\/p>\n<p>Adem\u00e1s, tendr\u00e1 derecho a no ser objeto de decisiones basadas \u00fanicamente en tratamientos automatizados.<\/p>\n<p>Para ejercer dichos derechos es necesario que el Usuario acredite su personalidad frente al RESPONSABLE mediante el env\u00edo de una fotocopia de su Documento Nacional de Identidad o cualquier otro medio v\u00e1lido en Derecho.<\/p>\n<p>Los Usuarios pueden ejercer todos estos derechos a trav\u00e9s de los medios de comunicaci\u00f3n facilitados en la presente Pol\u00edtica de Privacidad.<\/p>\n<p>Sin perjuicio de cualquier otro recurso administrativo o acci\u00f3n judicial, los Usuarios tendr\u00e1n derecho a presentar una reclamaci\u00f3n ante una Autoridad de Control, en particular en el Estado miembro en el que tenga su residencia habitual, lugar de trabajo o lugar de la supuesta\u00a0 infracci\u00f3n, en caso de que considere que el tratamiento de sus datos personales no es adecuado a la normativa, as\u00ed como en el caso de no ver satisfecho el ejercicio de sus derechos. La Autoridad de Control ante la que se haya presentado la reclamaci\u00f3n informar\u00e1 al reclamante sobre el curso y el resultado de la reclamaci\u00f3n.<\/p>\n<p><strong>Seguridad y conservaci\u00f3n de los datos<\/strong><\/p>\n<p>La protecci\u00f3n de la privacidad y los datos personales de sus clientes y visitantes es muy importante para el RESPONSABLE. Por lo tanto, el RESPONSABLE hace todo lo que est\u00e1 en su mano para impedir que sus datos se utilicen de forma inadecuada. A sus datos s\u00f3lo puede acceder el personal autorizado.\u00a0<\/p>\n<p>El RESPONSABLE mantiene la seguridad adecuada de protecci\u00f3n de datos personales conforme a la normativa aplicable y ha establecido todos los medios t\u00e9cnicos a su alcance para evitar la p\u00e9rdida, mal uso, alteraci\u00f3n, acceso no autorizado y robo de los datos que los Usuarios faciliten a trav\u00e9s del Sitio Web, sin prejuicio de informar lo que las medidas de seguridad en Internet no son inexpugnables.<\/p>\n<p>El RESPONSABLE se compromete a cumplir con el deber de secreto y confidencialidad respecto a los datos personales de acuerdo con la legislaci\u00f3n aplicable.<\/p>\n<p>Los datos personales proporcionados se conservar\u00e1n por parte del RESPONSABLE durante el tiempo necesario para prestar el servicio.<\/p>\n<p><strong>Enlaces<\/strong><\/p>\n<p>Este Sitio Web puede contener enlaces a otros sitios web. Tenga en cuenta que no somos responsables del tratamiento de datos que puedan realizar los titulares de otros sitios web. La presente Pol\u00edtica de Privacidad se aplica exclusivamente a la informaci\u00f3n que recopilamos en este Sitio Web. Le recomendamos que lea las pol\u00edticas de privacidad de otros sitios web con los que enlace desde nuestro Sitio Web o que visite de cualquier otro modo.<\/p>\n<p><strong>Actualizaciones y cambios en la Pol\u00edtica de Privacidad<\/strong><\/p>\n<p>El RESPONSABLE se reserva el derecho a introducir modificaciones en esta Pol\u00edtica de Privacidad. Cuando se produzcan dichos cambios, se le comunicar\u00e1n a los Usuarios mediante avisos en el Sitio Web, o bien trav\u00e9s de cualquier otro procedimiento adecuado seg\u00fan las circunstancias.<\/p>\t\t\t\t\t\t\t\t<\/div>\n\t\t\t\t<\/div>\n\t\t\t\t\t<\/div>\n\t\t<\/div>\n\t\t\t\t\t<\/div>\n\t\t<\/section>\n\t\t\t\t<\/div>\n\t\t","protected":false},"excerpt":{"rendered":"<p>Pol\u00edtica de privacidad Esta Pol\u00edtica de Privacidad tiene por objeto informar al usuario (en adelante, el \u201cUsuario\u201d) de la p\u00e1gina web COVENT GARDEN (en adelante, el \u201cSitio Web\u201d) sobre la recogida y tratamiento de sus datos personales. \u00bfCu\u00e1l es la empresa responsable del tratamiento de sus datos? La empresa responsable del tratamiento de sus datos [&hellip;]<\/p>\n","protected":false},"author":1,"featured_media":0,"parent":0,"menu_order":0,"comment_status":"closed","ping_status":"closed","template":"","meta":{"site-sidebar-layout":"no-sidebar","site-content-layout":"page-builder","ast-site-content-layout":"","site-content-style":"default","site-sidebar-style":"default","ast-global-header-display":"","ast-banner-title-visibility":"","ast-main-header-display":"","ast-hfb-above-header-display":"","ast-hfb-below-header-display":"","ast-hfb-mobile-header-display":"","site-post-title":"disabled","ast-breadcrumbs-content":"","ast-featured-img":"disabled","footer-sml-layout":"","theme-transparent-header-meta":"","adv-header-id-meta":"","stick-header-meta":"","header-above-stick-meta":"","header-main-stick-meta":"","header-below-stick-meta":"","astra-migrate-meta-layouts":"default","ast-page-background-enabled":"default","ast-page-background-meta":{"desktop":{"background-color":"var(--ast-global-color-4)","background-image":"","background-repeat":"repeat","background-position":"center center","background-size":"auto","background-attachment":"scroll","background-type":"","background-media":"","overlay-type":"","overlay-color":"","overlay-opacity":"","overlay-gradient":""},"tablet":{"background-color":"","background-image":"","background-repeat":"repeat","background-position":"center center","background-size":"auto","background-attachment":"scroll","background-type":"","background-media":"","overlay-type":"","overlay-color":"","overlay-opacity":"","overlay-gradient":""},"mobile":{"background-color":"","background-image":"","background-repeat":"repeat","background-position":"center center","background-size":"auto","background-attachment":"scroll","background-type":"","background-media":"","overlay-type":"","overlay-color":"","overlay-opacity":"","overlay-gradient":""}},"ast-content-background-meta":{"desktop":{"background-color":"var(--ast-global-color-5)","background-image":"","background-repeat":"repeat","background-position":"center center","background-size":"auto","background-attachment":"scroll","background-type":"","background-media":"","overlay-type":"","overlay-color":"","overlay-opacity":"","overlay-gradient":""},"tablet":{"background-color":"var(--ast-global-color-5)","background-image":"","background-repeat":"repeat","background-position":"center center","background-size":"auto","background-attachment":"scroll","background-type":"","background-media":"","overlay-type":"","overlay-color":"","overlay-opacity":"","overlay-gradient":""},"mobile":{"background-color":"var(--ast-global-color-5)","background-image":"","background-repeat":"repeat","background-position":"center center","background-size":"auto","background-attachment":"scroll","background-type":"","background-media":"","overlay-type":"","overlay-color":"","overlay-opacity":"","overlay-gradient":""}},"footnotes":""},"class_list":["post-470","page","type-page","status-publish","hentry"],"yoast_head":"<!-- This site is optimized with the Yoast SEO plugin v25.0 - https:\/\/yoast.com\/wordpress\/plugins\/seo\/ -->\n<title>Pol\u00edtica de privacidad - Convent Garden - Escola d&#039;angl\u00e8s<\/title>\n<meta name=\"robots\" content=\"index, follow, max-snippet:-1, max-image-preview:large, max-video-preview:-1\" \/>\n<link rel=\"canonical\" href=\"https:\/\/www.coventgarden.cat\/es\/politica-de-privacitat\/\" \/>\n<meta property=\"og:locale\" content=\"es_ES\" \/>\n<meta property=\"og:type\" content=\"article\" \/>\n<meta property=\"og:title\" content=\"Pol\u00edtica de privacidad - Convent Garden - Escola d&#039;angl\u00e8s\" \/>\n<meta property=\"og:description\" content=\"Pol\u00edtica de privacidad Esta Pol\u00edtica de Privacidad tiene por objeto informar al usuario (en adelante, el \u201cUsuario\u201d) de la p\u00e1gina web COVENT GARDEN (en adelante, el \u201cSitio Web\u201d) sobre la recogida y tratamiento de sus datos personales. \u00bfCu\u00e1l es la empresa responsable del tratamiento de sus datos? La empresa responsable del tratamiento de sus datos [&hellip;]\" \/>\n<meta property=\"og:url\" content=\"https:\/\/www.coventgarden.cat\/es\/politica-de-privacitat\/\" \/>\n<meta property=\"og:site_name\" content=\"Convent Garden - Escola d&#039;angl\u00e8s\" \/>\n<meta property=\"article:publisher\" content=\"https:\/\/www.facebook.com\/escolaCoventGarden\/\" \/>\n<meta property=\"article:modified_time\" content=\"2023-06-27T11:09:30+00:00\" \/>\n<meta name=\"twitter:card\" content=\"summary_large_image\" \/>\n<meta name=\"twitter:label1\" content=\"Tiempo de lectura\" \/>\n\t<meta name=\"twitter:data1\" content=\"6 minutos\" \/>\n<script type=\"application\/ld+json\" class=\"yoast-schema-graph\">{\"@context\":\"https:\/\/schema.org\",\"@graph\":[{\"@type\":\"WebPage\",\"@id\":\"https:\/\/www.coventgarden.cat\/es\/politica-de-privacitat\/\",\"url\":\"https:\/\/www.coventgarden.cat\/es\/politica-de-privacitat\/\",\"name\":\"Pol\u00edtica de privacidad - Convent Garden - Escola d&#039;angl\u00e8s\",\"isPartOf\":{\"@id\":\"https:\/\/www.coventgarden.cat\/#website\"},\"datePublished\":\"2023-06-26T10:29:07+00:00\",\"dateModified\":\"2023-06-27T11:09:30+00:00\",\"breadcrumb\":{\"@id\":\"https:\/\/www.coventgarden.cat\/es\/politica-de-privacitat\/#breadcrumb\"},\"inLanguage\":\"es\",\"potentialAction\":[{\"@type\":\"ReadAction\",\"target\":[\"https:\/\/www.coventgarden.cat\/es\/politica-de-privacitat\/\"]}]},{\"@type\":\"BreadcrumbList\",\"@id\":\"https:\/\/www.coventgarden.cat\/es\/politica-de-privacitat\/#breadcrumb\",\"itemListElement\":[{\"@type\":\"ListItem\",\"position\":1,\"name\":\"Inici\",\"item\":\"https:\/\/www.coventgarden.cat\/es\/\"},{\"@type\":\"ListItem\",\"position\":2,\"name\":\"Pol\u00edtica de privacidad\"}]},{\"@type\":\"WebSite\",\"@id\":\"https:\/\/www.coventgarden.cat\/#website\",\"url\":\"https:\/\/www.coventgarden.cat\/\",\"name\":\"Convent Garden - Escola d'angl\u00e8s\",\"description\":\"\",\"publisher\":{\"@id\":\"https:\/\/www.coventgarden.cat\/#organization\"},\"potentialAction\":[{\"@type\":\"SearchAction\",\"target\":{\"@type\":\"EntryPoint\",\"urlTemplate\":\"https:\/\/www.coventgarden.cat\/?s={search_term_string}\"},\"query-input\":{\"@type\":\"PropertyValueSpecification\",\"valueRequired\":true,\"valueName\":\"search_term_string\"}}],\"inLanguage\":\"es\"},{\"@type\":\"Organization\",\"@id\":\"https:\/\/www.coventgarden.cat\/#organization\",\"name\":\"Convent Garden - Escola d'angl\u00e8s\",\"url\":\"https:\/\/www.coventgarden.cat\/\",\"logo\":{\"@type\":\"ImageObject\",\"inLanguage\":\"es\",\"@id\":\"https:\/\/www.coventgarden.cat\/#\/schema\/logo\/image\/\",\"url\":\"https:\/\/www.coventgarden.cat\/wp-content\/uploads\/2023\/05\/cropped-logo-Covent-Garden.png\",\"contentUrl\":\"https:\/\/www.coventgarden.cat\/wp-content\/uploads\/2023\/05\/cropped-logo-Covent-Garden.png\",\"width\":300,\"height\":75,\"caption\":\"Convent Garden - Escola d'angl\u00e8s\"},\"image\":{\"@id\":\"https:\/\/www.coventgarden.cat\/#\/schema\/logo\/image\/\"},\"sameAs\":[\"https:\/\/www.facebook.com\/escolaCoventGarden\/\",\"https:\/\/www.instagram.com\/escolacoventgarden\/\"]}]}<\/script>\n<!-- \/ Yoast SEO plugin. -->","yoast_head_json":{"title":"Pol\u00edtica de privacidad - Convent Garden - Escola d&#039;angl\u00e8s","robots":{"index":"index","follow":"follow","max-snippet":"max-snippet:-1","max-image-preview":"max-image-preview:large","max-video-preview":"max-video-preview:-1"},"canonical":"https:\/\/www.coventgarden.cat\/es\/politica-de-privacitat\/","og_locale":"es_ES","og_type":"article","og_title":"Pol\u00edtica de privacidad - Convent Garden - Escola d&#039;angl\u00e8s","og_description":"Pol\u00edtica de privacidad Esta Pol\u00edtica de Privacidad tiene por objeto informar al usuario (en adelante, el \u201cUsuario\u201d) de la p\u00e1gina web COVENT GARDEN (en adelante, el \u201cSitio Web\u201d) sobre la recogida y tratamiento de sus datos personales. \u00bfCu\u00e1l es la empresa responsable del tratamiento de sus datos? La empresa responsable del tratamiento de sus datos [&hellip;]","og_url":"https:\/\/www.coventgarden.cat\/es\/politica-de-privacitat\/","og_site_name":"Convent Garden - Escola d&#039;angl\u00e8s","article_publisher":"https:\/\/www.facebook.com\/escolaCoventGarden\/","article_modified_time":"2023-06-27T11:09:30+00:00","twitter_card":"summary_large_image","twitter_misc":{"Tiempo de lectura":"6 minutos"},"schema":{"@context":"https:\/\/schema.org","@graph":[{"@type":"WebPage","@id":"https:\/\/www.coventgarden.cat\/es\/politica-de-privacitat\/","url":"https:\/\/www.coventgarden.cat\/es\/politica-de-privacitat\/","name":"Pol\u00edtica de privacidad - Convent Garden - Escola d&#039;angl\u00e8s","isPartOf":{"@id":"https:\/\/www.coventgarden.cat\/#website"},"datePublished":"2023-06-26T10:29:07+00:00","dateModified":"2023-06-27T11:09:30+00:00","breadcrumb":{"@id":"https:\/\/www.coventgarden.cat\/es\/politica-de-privacitat\/#breadcrumb"},"inLanguage":"es","potentialAction":[{"@type":"ReadAction","target":["https:\/\/www.coventgarden.cat\/es\/politica-de-privacitat\/"]}]},{"@type":"BreadcrumbList","@id":"https:\/\/www.coventgarden.cat\/es\/politica-de-privacitat\/#breadcrumb","itemListElement":[{"@type":"ListItem","position":1,"name":"Inici","item":"https:\/\/www.coventgarden.cat\/es\/"},{"@type":"ListItem","position":2,"name":"Pol\u00edtica de privacidad"}]},{"@type":"WebSite","@id":"https:\/\/www.coventgarden.cat\/#website","url":"https:\/\/www.coventgarden.cat\/","name":"Convent Garden - Escola d'angl\u00e8s","description":"","publisher":{"@id":"https:\/\/www.coventgarden.cat\/#organization"},"potentialAction":[{"@type":"SearchAction","target":{"@type":"EntryPoint","urlTemplate":"https:\/\/www.coventgarden.cat\/?s={search_term_string}"},"query-input":{"@type":"PropertyValueSpecification","valueRequired":true,"valueName":"search_term_string"}}],"inLanguage":"es"},{"@type":"Organization","@id":"https:\/\/www.coventgarden.cat\/#organization","name":"Convent Garden - Escola d'angl\u00e8s","url":"https:\/\/www.coventgarden.cat\/","logo":{"@type":"ImageObject","inLanguage":"es","@id":"https:\/\/www.coventgarden.cat\/#\/schema\/logo\/image\/","url":"https:\/\/www.coventgarden.cat\/wp-content\/uploads\/2023\/05\/cropped-logo-Covent-Garden.png","contentUrl":"https:\/\/www.coventgarden.cat\/wp-content\/uploads\/2023\/05\/cropped-logo-Covent-Garden.png","width":300,"height":75,"caption":"Convent Garden - Escola d'angl\u00e8s"},"image":{"@id":"https:\/\/www.coventgarden.cat\/#\/schema\/logo\/image\/"},"sameAs":["https:\/\/www.facebook.com\/escolaCoventGarden\/","https:\/\/www.instagram.com\/escolacoventgarden\/"]}]}},"_links":{"self":[{"href":"https:\/\/www.coventgarden.cat\/es\/wp-json\/wp\/v2\/pages\/470","targetHints":{"allow":["GET"]}}],"collection":[{"href":"https:\/\/www.coventgarden.cat\/es\/wp-json\/wp\/v2\/pages"}],"about":[{"href":"https:\/\/www.coventgarden.cat\/es\/wp-json\/wp\/v2\/types\/page"}],"author":[{"embeddable":true,"href":"https:\/\/www.coventgarden.cat\/es\/wp-json\/wp\/v2\/users\/1"}],"replies":[{"embeddable":true,"href":"https:\/\/www.coventgarden.cat\/es\/wp-json\/wp\/v2\/comments?post=470"}],"version-history":[{"count":7,"href":"https:\/\/www.coventgarden.cat\/es\/wp-json\/wp\/v2\/pages\/470\/revisions"}],"predecessor-version":[{"id":576,"href":"https:\/\/www.coventgarden.cat\/es\/wp-json\/wp\/v2\/pages\/470\/revisions\/576"}],"wp:attachment":[{"href":"https:\/\/www.coventgarden.cat\/es\/wp-json\/wp\/v2\/media?parent=470"}],"curies":[{"name":"wp","href":"https:\/\/api.w.org\/{rel}","templated":true}]}}