{"id":455,"date":"2023-06-26T10:28:03","date_gmt":"2023-06-26T10:28:03","guid":{"rendered":"http:\/\/new.coventgarden.cat\/aviso-legal\/"},"modified":"2023-06-27T11:07:59","modified_gmt":"2023-06-27T11:07:59","slug":"aviso-legal","status":"publish","type":"page","link":"https:\/\/www.coventgarden.cat\/es\/aviso-legal\/","title":{"rendered":"Aviso legal"},"content":{"rendered":"\t\t<div data-elementor-type=\"wp-page\" data-elementor-id=\"455\" class=\"elementor elementor-455 elementor-352\" data-elementor-post-type=\"page\">\n\t\t\t\t\t\t<section class=\"elementor-section elementor-top-section elementor-element elementor-element-df1884e elementor-section-boxed elementor-section-height-default elementor-section-height-default\" data-id=\"df1884e\" data-element_type=\"section\">\n\t\t\t\t\t\t<div class=\"elementor-container elementor-column-gap-default\">\n\t\t\t\t\t<div class=\"elementor-column elementor-col-100 elementor-top-column elementor-element elementor-element-20a85dd\" data-id=\"20a85dd\" data-element_type=\"column\">\n\t\t\t<div class=\"elementor-widget-wrap elementor-element-populated\">\n\t\t\t\t\t\t<div class=\"elementor-element elementor-element-f4e23f5 elementor-widget elementor-widget-heading\" data-id=\"f4e23f5\" data-element_type=\"widget\" data-widget_type=\"heading.default\">\n\t\t\t\t<div class=\"elementor-widget-container\">\n\t\t\t\t\t<h1 class=\"elementor-heading-title elementor-size-default\">Aviso legal<\/h1>\t\t\t\t<\/div>\n\t\t\t\t<\/div>\n\t\t\t\t\t<\/div>\n\t\t<\/div>\n\t\t\t\t\t<\/div>\n\t\t<\/section>\n\t\t\t\t<section class=\"elementor-section elementor-top-section elementor-element elementor-element-5539522 elementor-section-boxed elementor-section-height-default elementor-section-height-default\" data-id=\"5539522\" data-element_type=\"section\">\n\t\t\t\t\t\t<div class=\"elementor-container elementor-column-gap-default\">\n\t\t\t\t\t<div class=\"elementor-column elementor-col-100 elementor-top-column elementor-element elementor-element-6b6e6d1\" data-id=\"6b6e6d1\" data-element_type=\"column\">\n\t\t\t<div class=\"elementor-widget-wrap elementor-element-populated\">\n\t\t\t\t\t\t<div class=\"elementor-element elementor-element-6c7106d elementor-widget elementor-widget-text-editor\" data-id=\"6c7106d\" data-element_type=\"widget\" data-widget_type=\"text-editor.default\">\n\t\t\t\t<div class=\"elementor-widget-container\">\n\t\t\t\t\t\t\t\t\t<section class=\"elementor-section elementor-top-section elementor-element elementor-element-8c10d57 elementor-section-boxed elementor-section-height-default elementor-section-height-default\" data-id=\"8c10d57\" data-element_type=\"section\"><div class=\"elementor-container elementor-column-gap-default\"><div class=\"elementor-column elementor-col-100 elementor-top-column elementor-element elementor-element-056f369\" data-id=\"056f369\" data-element_type=\"column\"><div class=\"elementor-widget-wrap elementor-element-populated\"><div class=\"elementor-element elementor-element-2e70e5e elementor-widget elementor-widget-text-editor\" data-id=\"2e70e5e\" data-element_type=\"widget\" data-widget_type=\"text-editor.default\"><div class=\"elementor-widget-container\"><p>El presente Aviso Legal regula el acceso, navegaci\u00f3n y uso del presente sitio web www.coventgarden.cat (en adelante, el <strong>\u201cSitio Web\u201d<\/strong>).<\/p><p><strong>Informaci\u00f3n sobre el titular del Sitio Web<\/strong><\/p><p>Le informamos de que este Sitio Web es titularidad de M\u00f3nica Orteu Mart\u00ednez (en adelante, el \u201cTITULAR\u201d), con N.I.F. 53285172Z y domicilio social en Passeig Rambleta 19, baixos, 08930, San Adri\u00e1n de Bes\u00f3s.<\/p><p>El usuario (en adelante, el \u201cUsuario\u201d) puede ponerse en contacto con M\u00f3nica Orteu Mart\u00ednez a trav\u00e9s de la siguiente direcci\u00f3n de correo electr\u00f3nico: contacte@coventgarden.cat<\/p><p><strong>Usuarios<\/strong><\/p><p>El acceso y\/o uso al Sitio Web le atribuye la condici\u00f3n de Usuario, y acepta, desde dicho acceso y\/o uso, el presente Aviso Legal.<\/p><p>Dicho acceso tiene car\u00e1cter libre y gratuito. No obstante, algunos de los servicios y contenidos ofrecidos en el Sitio Web por parte del TITULAR, puede encontrarse sujeto a la contrataci\u00f3n previa del servicio o producto y al pago de una cantidad de dinero en la forma que se determine.<\/p><p><strong>Uso del Sitio Web<\/strong><\/p><p>El Usuario asume la responsabilidad del uso del Sitio Web. El Sitio Web puede proporcionar acceso a multitud de textos, gr\u00e1ficos, dibujos, dise\u00f1os, fotograf\u00edas, contenidos multimedia, e informaciones (en adelante,\u00a0<strong>\u00abContenidos\u00bb<\/strong>) pertenecientes al TITULAR o a terceros a los que el Usuario puede tener acceso.<\/p><p>El Usuario se compromete a hacer un uso adecuado de los Contenidos y servicios ofrecidos a trav\u00e9s del Sitio Web y con car\u00e1cter enunciativo pero no limitativo, a no emplearlos para (i) incurrir en actividades il\u00edcitas, ilegales o contrarias a la buena fe y al orden p\u00fablico; (ii) provocar da\u00f1os en los sistemas f\u00edsicos y l\u00f3gicos del titular del Sitio Web, de sus proveedores o de terceras personas, (iii) introducir o difundir en la red virus inform\u00e1ticos o cualesquiera otros sistemas f\u00edsicos o l\u00f3gicos que sean susceptibles de provocar los da\u00f1os anteriormente mencionados, (iv) intentar acceder, utilizar y\/o manipular los datos del TITULAR, terceros proveedores y otros Usuarios; (v) reproducir o copiar, distribuir, permitir el acceso del p\u00fablico a trav\u00e9s de cualquier modalidad<br \/>de comunicaci\u00f3n p\u00fablica, transformar o modificar los Contenidos, a menos que se cuente con la autorizaci\u00f3n del titular de los correspondientes derechos; (vi) suprimir, ocultar o manipular las notas sobre derechos de propiedad intelectual o industrial y dem\u00e1s datos identificativos de los derechos del TITULAR o de terceros incorporados a los Contenidos, as\u00ed como los dispositivos t\u00e9cnicos de protecci\u00f3n o cualesquiera mecanismos de informaci\u00f3n que puedan insertarse en los Contenidos.<\/p><p>El TITULAR tendr\u00e1 derecho a investigar y denunciar cualquiera de las conductas mencionadas de acuerdo con la Ley, as\u00ed como a colaborar con las autoridades en la investigaci\u00f3n de dichas actuaciones.<\/p><p><strong>Propiedad Intelectual<\/strong><\/p><p>Todos los derechos de propiedad intelectual del contenido de este Sitio Web y su dise\u00f1o gr\u00e1fico son propiedad exclusiva del TITULAR, o bien de un tercero que ha autorizado la utilizaci\u00f3n de los mismos, por lo que es al TITULAR a quien le corresponde el ejercicio exclusivo de los derechos de explotaci\u00f3n de los mismos.<\/p><p>Por ello y en virtud de lo dispuesto en el Real Decreto Legislativo 1\/1996, de 12 de Abril, por el que se aprueba el Texto Refundido de la Ley de Propiedad Intelectual, as\u00ed como en la Ley 17\/2001, de 7 de diciembre, de Marcas y la legislaci\u00f3n complementaria en materia de propiedad intelectual e industrial, queda prohibida la reproducci\u00f3n, transmisi\u00f3n, adaptaci\u00f3n, traducci\u00f3n, distribuci\u00f3n, comunicaci\u00f3n p\u00fablica, incluida su modalidad de puesta a disposici\u00f3n, o cualquier otra explotaci\u00f3n y\/o modificaci\u00f3n, total o parcial, sin previa autorizaci\u00f3n expresa del TITULAR, de cualquier contenido incluido en el Sitio Web.<\/p><p>El TITULAR no concede ninguna licencia o autorizaci\u00f3n de uso de ninguna clase sobre sus derechos de propiedad intelectual e industrial o sobre cualquier otra propiedad o derecho relacionado con el Sitio Web, los servicios o los contenidos del mismo.<\/p><p>La legitimidad de los derechos de propiedad intelectual o industrial correspondientes a los contenidos aportados por los Usuarios es responsabilidad exclusiva de los mismos, por lo que el Usuario mantendr\u00e1 indemne al TITULAR de cualquier reclamaci\u00f3n de terceros derivada de la utilizaci\u00f3n il\u00edcita de contenidos en el Sitio Web.<\/p><p><strong>Responsabilidad y Garant\u00edas<\/strong><\/p><p>El TITULAR declara que ha adoptado las medidas necesarias que, dentro de sus posibilidades y el estado de la tecnolog\u00eda, permitan el correcto funcionamiento de su Sitio Web, as\u00ed como la ausencia de virus y componentes da\u00f1inos. Sin embargo, el TITULAR no puede hacerse responsable de:\u00a0<strong>(i)<\/strong>\u00a0la continuidad y disponibilidad de los Contenidos y Servicios;\u00a0<strong>(ii)<\/strong>\u00a0la ausencia de errores en dichos Contenidos ni la correcci\u00f3n de cualquier defecto que pudiera ocurrir;\u00a0<strong>(iii)<\/strong>\u00a0la ausencia de virus y\/o dem\u00e1s componentes da\u00f1inos;\u00a0<strong>(iv)<\/strong>\u00a0los da\u00f1os o perjuicios que cause cualquier persona que vulnere los sistemas de seguridad del TITULAR.<\/p><p>El TITULAR podr\u00e1 suspender temporalmente y sin previo aviso, la accesibilidad al Sitio Web con motivo de operaciones de mantenimiento, reparaci\u00f3n, actualizaci\u00f3n o mejora. No obstante, siempre que las circunstancias lo permitan, el TITULAR comunicar\u00e1 al Usuario, con antelaci\u00f3n suficiente, la fecha prevista para la suspensi\u00f3n de los servicios.<\/p><p>El TITULAR no asume ninguna responsabilidad sobre los enlaces a otras p\u00e1ginas web que se encuentren en el Sitio Web, pudiendo llevar al Usuario a otros sitios web sobre los que el TITULAR no tiene ning\u00fan tipo de control, por lo que el Usuario accede bajo su exclusiva responsabilidad al contenido y en las condiciones de uso que rijan en los mismos.<\/p><p><strong>Hiperv\u00ednculos<\/strong><\/p><p>El TITULAR no se responsabiliza del uso que los Usuarios puedan hacer de los contenidos del Sitio Web ni de los contenidos de terceros que aparezcan en el Sitio Web. El TITULAR no tiene facultad ni medios humanos y t\u00e9cnicos para conocer, controlar, ni aprobar toda la informaci\u00f3n, contenidos, productos o servicios que faciliten los terceros titulares de otros sitios webs y que tengan establecidos en el Sitio Web.<\/p><p><strong>Duraci\u00f3n y modificaci\u00f3n<\/strong><\/p><div class=\"elementor-element elementor-element-a11e5e3 elementor-widget elementor-widget-text-editor\" data-id=\"a11e5e3\" data-element_type=\"widget\" data-widget_type=\"text-editor.default\"><div class=\"elementor-widget-container\"><p>El presente Aviso Legal estar\u00e1 vigente con car\u00e1cter indefinido, pudiendo el TITULAR efectuar cambios sobre las condiciones especificadas en el presente Aviso Legal, y que entrar\u00e1n en vigor desde el momento de su publicaci\u00f3n.<\/p><p>El TITULAR podr\u00e1 suprimir, a\u00f1adir o cambiar tanto los contenidos como los servicios que presta, as\u00ed como tambi\u00e9n la forma en la que los mismos aparezcan localizados o presentados. Se entienden como vigentes, las condiciones que est\u00e9n publicadas en el momento en el que el Usuario acceda al Sitio Web del TITULAR.<\/p><p>El acceso y\/o el uso del Sitio Web se entender\u00e1n como una aceptaci\u00f3n por parte del Usuario del presente Aviso Legal y, en su caso, los cambios efectuados en las mismas.<\/p><\/div><\/div><\/div><\/div><\/div><\/div><\/div><\/section>\t\t\t\t\t\t\t\t<\/div>\n\t\t\t\t<\/div>\n\t\t\t\t\t<\/div>\n\t\t<\/div>\n\t\t\t\t\t<\/div>\n\t\t<\/section>\n\t\t\t\t<\/div>\n\t\t","protected":false},"excerpt":{"rendered":"<p>Aviso legal El presente Aviso Legal regula el acceso, navegaci\u00f3n y uso del presente sitio web www.coventgarden.cat (en adelante, el \u201cSitio Web\u201d). Informaci\u00f3n sobre el titular del Sitio Web Le informamos de que este Sitio Web es titularidad de M\u00f3nica Orteu Mart\u00ednez (en adelante, el \u201cTITULAR\u201d), con N.I.F. 53285172Z y domicilio social en Passeig Rambleta [&hellip;]<\/p>\n","protected":false},"author":1,"featured_media":0,"parent":0,"menu_order":0,"comment_status":"closed","ping_status":"closed","template":"","meta":{"site-sidebar-layout":"no-sidebar","site-content-layout":"page-builder","ast-site-content-layout":"","site-content-style":"default","site-sidebar-style":"default","ast-global-header-display":"","ast-banner-title-visibility":"","ast-main-header-display":"","ast-hfb-above-header-display":"","ast-hfb-below-header-display":"","ast-hfb-mobile-header-display":"","site-post-title":"disabled","ast-breadcrumbs-content":"","ast-featured-img":"disabled","footer-sml-layout":"","theme-transparent-header-meta":"","adv-header-id-meta":"","stick-header-meta":"","header-above-stick-meta":"","header-main-stick-meta":"","header-below-stick-meta":"","astra-migrate-meta-layouts":"default","ast-page-background-enabled":"default","ast-page-background-meta":{"desktop":{"background-color":"var(--ast-global-color-4)","background-image":"","background-repeat":"repeat","background-position":"center center","background-size":"auto","background-attachment":"scroll","background-type":"","background-media":"","overlay-type":"","overlay-color":"","overlay-opacity":"","overlay-gradient":""},"tablet":{"background-color":"","background-image":"","background-repeat":"repeat","background-position":"center center","background-size":"auto","background-attachment":"scroll","background-type":"","background-media":"","overlay-type":"","overlay-color":"","overlay-opacity":"","overlay-gradient":""},"mobile":{"background-color":"","background-image":"","background-repeat":"repeat","background-position":"center center","background-size":"auto","background-attachment":"scroll","background-type":"","background-media":"","overlay-type":"","overlay-color":"","overlay-opacity":"","overlay-gradient":""}},"ast-content-background-meta":{"desktop":{"background-color":"var(--ast-global-color-5)","background-image":"","background-repeat":"repeat","background-position":"center center","background-size":"auto","background-attachment":"scroll","background-type":"","background-media":"","overlay-type":"","overlay-color":"","overlay-opacity":"","overlay-gradient":""},"tablet":{"background-color":"var(--ast-global-color-5)","background-image":"","background-repeat":"repeat","background-position":"center center","background-size":"auto","background-attachment":"scroll","background-type":"","background-media":"","overlay-type":"","overlay-color":"","overlay-opacity":"","overlay-gradient":""},"mobile":{"background-color":"var(--ast-global-color-5)","background-image":"","background-repeat":"repeat","background-position":"center center","background-size":"auto","background-attachment":"scroll","background-type":"","background-media":"","overlay-type":"","overlay-color":"","overlay-opacity":"","overlay-gradient":""}},"footnotes":""},"class_list":["post-455","page","type-page","status-publish","hentry"],"yoast_head":"<!-- This site is optimized with the Yoast SEO plugin v25.0 - https:\/\/yoast.com\/wordpress\/plugins\/seo\/ -->\n<title>Aviso legal - Convent Garden - Escola d&#039;angl\u00e8s<\/title>\n<meta name=\"robots\" content=\"index, follow, max-snippet:-1, max-image-preview:large, max-video-preview:-1\" \/>\n<link rel=\"canonical\" href=\"https:\/\/www.coventgarden.cat\/es\/aviso-legal\/\" \/>\n<meta property=\"og:locale\" content=\"es_ES\" \/>\n<meta property=\"og:type\" content=\"article\" \/>\n<meta property=\"og:title\" content=\"Aviso legal - Convent Garden - Escola d&#039;angl\u00e8s\" \/>\n<meta property=\"og:description\" content=\"Aviso legal El presente Aviso Legal regula el acceso, navegaci\u00f3n y uso del presente sitio web www.coventgarden.cat (en adelante, el \u201cSitio Web\u201d). Informaci\u00f3n sobre el titular del Sitio Web Le informamos de que este Sitio Web es titularidad de M\u00f3nica Orteu Mart\u00ednez (en adelante, el \u201cTITULAR\u201d), con N.I.F. 53285172Z y domicilio social en Passeig Rambleta [&hellip;]\" \/>\n<meta property=\"og:url\" content=\"https:\/\/www.coventgarden.cat\/es\/aviso-legal\/\" \/>\n<meta property=\"og:site_name\" content=\"Convent Garden - Escola d&#039;angl\u00e8s\" \/>\n<meta property=\"article:publisher\" content=\"https:\/\/www.facebook.com\/escolaCoventGarden\/\" \/>\n<meta property=\"article:modified_time\" content=\"2023-06-27T11:07:59+00:00\" \/>\n<meta name=\"twitter:card\" content=\"summary_large_image\" \/>\n<meta name=\"twitter:label1\" content=\"Tiempo de lectura\" \/>\n\t<meta name=\"twitter:data1\" content=\"6 minutos\" \/>\n<script type=\"application\/ld+json\" class=\"yoast-schema-graph\">{\"@context\":\"https:\/\/schema.org\",\"@graph\":[{\"@type\":\"WebPage\",\"@id\":\"https:\/\/www.coventgarden.cat\/es\/aviso-legal\/\",\"url\":\"https:\/\/www.coventgarden.cat\/es\/aviso-legal\/\",\"name\":\"Aviso legal - Convent Garden - Escola d&#039;angl\u00e8s\",\"isPartOf\":{\"@id\":\"https:\/\/www.coventgarden.cat\/#website\"},\"datePublished\":\"2023-06-26T10:28:03+00:00\",\"dateModified\":\"2023-06-27T11:07:59+00:00\",\"breadcrumb\":{\"@id\":\"https:\/\/www.coventgarden.cat\/es\/aviso-legal\/#breadcrumb\"},\"inLanguage\":\"es\",\"potentialAction\":[{\"@type\":\"ReadAction\",\"target\":[\"https:\/\/www.coventgarden.cat\/es\/aviso-legal\/\"]}]},{\"@type\":\"BreadcrumbList\",\"@id\":\"https:\/\/www.coventgarden.cat\/es\/aviso-legal\/#breadcrumb\",\"itemListElement\":[{\"@type\":\"ListItem\",\"position\":1,\"name\":\"Inici\",\"item\":\"https:\/\/www.coventgarden.cat\/es\/\"},{\"@type\":\"ListItem\",\"position\":2,\"name\":\"Aviso legal\"}]},{\"@type\":\"WebSite\",\"@id\":\"https:\/\/www.coventgarden.cat\/#website\",\"url\":\"https:\/\/www.coventgarden.cat\/\",\"name\":\"Convent Garden - Escola d'angl\u00e8s\",\"description\":\"\",\"publisher\":{\"@id\":\"https:\/\/www.coventgarden.cat\/#organization\"},\"potentialAction\":[{\"@type\":\"SearchAction\",\"target\":{\"@type\":\"EntryPoint\",\"urlTemplate\":\"https:\/\/www.coventgarden.cat\/?s={search_term_string}\"},\"query-input\":{\"@type\":\"PropertyValueSpecification\",\"valueRequired\":true,\"valueName\":\"search_term_string\"}}],\"inLanguage\":\"es\"},{\"@type\":\"Organization\",\"@id\":\"https:\/\/www.coventgarden.cat\/#organization\",\"name\":\"Convent Garden - Escola d'angl\u00e8s\",\"url\":\"https:\/\/www.coventgarden.cat\/\",\"logo\":{\"@type\":\"ImageObject\",\"inLanguage\":\"es\",\"@id\":\"https:\/\/www.coventgarden.cat\/#\/schema\/logo\/image\/\",\"url\":\"https:\/\/www.coventgarden.cat\/wp-content\/uploads\/2023\/05\/cropped-logo-Covent-Garden.png\",\"contentUrl\":\"https:\/\/www.coventgarden.cat\/wp-content\/uploads\/2023\/05\/cropped-logo-Covent-Garden.png\",\"width\":300,\"height\":75,\"caption\":\"Convent Garden - Escola d'angl\u00e8s\"},\"image\":{\"@id\":\"https:\/\/www.coventgarden.cat\/#\/schema\/logo\/image\/\"},\"sameAs\":[\"https:\/\/www.facebook.com\/escolaCoventGarden\/\",\"https:\/\/www.instagram.com\/escolacoventgarden\/\"]}]}<\/script>\n<!-- \/ Yoast SEO plugin. -->","yoast_head_json":{"title":"Aviso legal - Convent Garden - Escola d&#039;angl\u00e8s","robots":{"index":"index","follow":"follow","max-snippet":"max-snippet:-1","max-image-preview":"max-image-preview:large","max-video-preview":"max-video-preview:-1"},"canonical":"https:\/\/www.coventgarden.cat\/es\/aviso-legal\/","og_locale":"es_ES","og_type":"article","og_title":"Aviso legal - Convent Garden - Escola d&#039;angl\u00e8s","og_description":"Aviso legal El presente Aviso Legal regula el acceso, navegaci\u00f3n y uso del presente sitio web www.coventgarden.cat (en adelante, el \u201cSitio Web\u201d). Informaci\u00f3n sobre el titular del Sitio Web Le informamos de que este Sitio Web es titularidad de M\u00f3nica Orteu Mart\u00ednez (en adelante, el \u201cTITULAR\u201d), con N.I.F. 53285172Z y domicilio social en Passeig Rambleta [&hellip;]","og_url":"https:\/\/www.coventgarden.cat\/es\/aviso-legal\/","og_site_name":"Convent Garden - Escola d&#039;angl\u00e8s","article_publisher":"https:\/\/www.facebook.com\/escolaCoventGarden\/","article_modified_time":"2023-06-27T11:07:59+00:00","twitter_card":"summary_large_image","twitter_misc":{"Tiempo de lectura":"6 minutos"},"schema":{"@context":"https:\/\/schema.org","@graph":[{"@type":"WebPage","@id":"https:\/\/www.coventgarden.cat\/es\/aviso-legal\/","url":"https:\/\/www.coventgarden.cat\/es\/aviso-legal\/","name":"Aviso legal - Convent Garden - Escola d&#039;angl\u00e8s","isPartOf":{"@id":"https:\/\/www.coventgarden.cat\/#website"},"datePublished":"2023-06-26T10:28:03+00:00","dateModified":"2023-06-27T11:07:59+00:00","breadcrumb":{"@id":"https:\/\/www.coventgarden.cat\/es\/aviso-legal\/#breadcrumb"},"inLanguage":"es","potentialAction":[{"@type":"ReadAction","target":["https:\/\/www.coventgarden.cat\/es\/aviso-legal\/"]}]},{"@type":"BreadcrumbList","@id":"https:\/\/www.coventgarden.cat\/es\/aviso-legal\/#breadcrumb","itemListElement":[{"@type":"ListItem","position":1,"name":"Inici","item":"https:\/\/www.coventgarden.cat\/es\/"},{"@type":"ListItem","position":2,"name":"Aviso legal"}]},{"@type":"WebSite","@id":"https:\/\/www.coventgarden.cat\/#website","url":"https:\/\/www.coventgarden.cat\/","name":"Convent Garden - Escola d'angl\u00e8s","description":"","publisher":{"@id":"https:\/\/www.coventgarden.cat\/#organization"},"potentialAction":[{"@type":"SearchAction","target":{"@type":"EntryPoint","urlTemplate":"https:\/\/www.coventgarden.cat\/?s={search_term_string}"},"query-input":{"@type":"PropertyValueSpecification","valueRequired":true,"valueName":"search_term_string"}}],"inLanguage":"es"},{"@type":"Organization","@id":"https:\/\/www.coventgarden.cat\/#organization","name":"Convent Garden - Escola d'angl\u00e8s","url":"https:\/\/www.coventgarden.cat\/","logo":{"@type":"ImageObject","inLanguage":"es","@id":"https:\/\/www.coventgarden.cat\/#\/schema\/logo\/image\/","url":"https:\/\/www.coventgarden.cat\/wp-content\/uploads\/2023\/05\/cropped-logo-Covent-Garden.png","contentUrl":"https:\/\/www.coventgarden.cat\/wp-content\/uploads\/2023\/05\/cropped-logo-Covent-Garden.png","width":300,"height":75,"caption":"Convent Garden - Escola d'angl\u00e8s"},"image":{"@id":"https:\/\/www.coventgarden.cat\/#\/schema\/logo\/image\/"},"sameAs":["https:\/\/www.facebook.com\/escolaCoventGarden\/","https:\/\/www.instagram.com\/escolacoventgarden\/"]}]}},"_links":{"self":[{"href":"https:\/\/www.coventgarden.cat\/es\/wp-json\/wp\/v2\/pages\/455","targetHints":{"allow":["GET"]}}],"collection":[{"href":"https:\/\/www.coventgarden.cat\/es\/wp-json\/wp\/v2\/pages"}],"about":[{"href":"https:\/\/www.coventgarden.cat\/es\/wp-json\/wp\/v2\/types\/page"}],"author":[{"embeddable":true,"href":"https:\/\/www.coventgarden.cat\/es\/wp-json\/wp\/v2\/users\/1"}],"replies":[{"embeddable":true,"href":"https:\/\/www.coventgarden.cat\/es\/wp-json\/wp\/v2\/comments?post=455"}],"version-history":[{"count":10,"href":"https:\/\/www.coventgarden.cat\/es\/wp-json\/wp\/v2\/pages\/455\/revisions"}],"predecessor-version":[{"id":570,"href":"https:\/\/www.coventgarden.cat\/es\/wp-json\/wp\/v2\/pages\/455\/revisions\/570"}],"wp:attachment":[{"href":"https:\/\/www.coventgarden.cat\/es\/wp-json\/wp\/v2\/media?parent=455"}],"curies":[{"name":"wp","href":"https:\/\/api.w.org\/{rel}","templated":true}]}}