{"id":417,"date":"2023-06-15T17:29:12","date_gmt":"2023-06-15T17:29:12","guid":{"rendered":"http:\/\/new.coventgarden.cat\/examens-de-cambridge\/"},"modified":"2023-06-30T08:08:16","modified_gmt":"2023-06-30T08:08:16","slug":"examens-de-cambridge","status":"publish","type":"page","link":"https:\/\/www.coventgarden.cat\/es\/examens-de-cambridge\/","title":{"rendered":"Ex\u00e1menes de Cambridge"},"content":{"rendered":"\t\t<div data-elementor-type=\"wp-page\" data-elementor-id=\"417\" class=\"elementor elementor-417 elementor-281\" data-elementor-post-type=\"page\">\n\t\t\t\t\t\t<section class=\"elementor-section elementor-top-section elementor-element elementor-element-2410665 elementor-section-stretched elementor-section-height-min-height elementor-section-items-stretch elementor-section-boxed elementor-section-height-default\" data-id=\"2410665\" data-element_type=\"section\" data-settings=\"{&quot;stretch_section&quot;:&quot;section-stretched&quot;,&quot;background_background&quot;:&quot;classic&quot;}\">\n\t\t\t\t\t\t<div class=\"elementor-container elementor-column-gap-default\">\n\t\t\t\t\t<div class=\"elementor-column elementor-col-50 elementor-top-column elementor-element elementor-element-25b5af0\" data-id=\"25b5af0\" data-element_type=\"column\" data-settings=\"{&quot;background_background&quot;:&quot;classic&quot;}\">\n\t\t\t<div class=\"elementor-widget-wrap elementor-element-populated\">\n\t\t\t\t\t\t<div class=\"elementor-element elementor-element-fc66556 elementor-widget elementor-widget-heading\" data-id=\"fc66556\" data-element_type=\"widget\" data-widget_type=\"heading.default\">\n\t\t\t\t<div class=\"elementor-widget-container\">\n\t\t\t\t\t<h1 class=\"elementor-heading-title elementor-size-default\">Ex\u00e1menes de Cambridge<\/h1>\t\t\t\t<\/div>\n\t\t\t\t<\/div>\n\t\t\t\t<div class=\"elementor-element elementor-element-2ad1586 elementor-widget elementor-widget-heading\" data-id=\"2ad1586\" data-element_type=\"widget\" data-widget_type=\"heading.default\">\n\t\t\t\t<div class=\"elementor-widget-container\">\n\t\t\t\t\t<p class=\"elementor-heading-title elementor-size-default\">Acreditan que se han alcanzado con \u00e9xito los diferentes niveles de ingl\u00e9s seg\u00fan el Marco Europeo Com\u00fan de Referencia para las lenguas.<\/p>\t\t\t\t<\/div>\n\t\t\t\t<\/div>\n\t\t\t\t\t<\/div>\n\t\t<\/div>\n\t\t\t\t<div class=\"elementor-column elementor-col-50 elementor-top-column elementor-element elementor-element-68e7867\" data-id=\"68e7867\" data-element_type=\"column\" data-settings=\"{&quot;background_background&quot;:&quot;slideshow&quot;,&quot;background_slideshow_gallery&quot;:[],&quot;background_slideshow_loop&quot;:&quot;yes&quot;,&quot;background_slideshow_slide_duration&quot;:5000,&quot;background_slideshow_slide_transition&quot;:&quot;fade&quot;,&quot;background_slideshow_transition_duration&quot;:500}\">\n\t\t\t<div class=\"elementor-widget-wrap\">\n\t\t\t\t\t\t\t<\/div>\n\t\t<\/div>\n\t\t\t\t\t<\/div>\n\t\t<\/section>\n\t\t\t\t<section class=\"elementor-section elementor-top-section elementor-element elementor-element-622aa8f elementor-section-boxed elementor-section-height-default elementor-section-height-default\" data-id=\"622aa8f\" data-element_type=\"section\">\n\t\t\t\t\t\t<div class=\"elementor-container elementor-column-gap-default\">\n\t\t\t\t\t<div class=\"elementor-column elementor-col-50 elementor-top-column elementor-element elementor-element-3e902a2\" data-id=\"3e902a2\" data-element_type=\"column\" data-settings=\"{&quot;background_background&quot;:&quot;classic&quot;}\">\n\t\t\t<div class=\"elementor-widget-wrap elementor-element-populated\">\n\t\t\t\t\t\t<div class=\"elementor-element elementor-element-b4b77bb elementor-widget elementor-widget-spacer\" data-id=\"b4b77bb\" data-element_type=\"widget\" data-widget_type=\"spacer.default\">\n\t\t\t\t<div class=\"elementor-widget-container\">\n\t\t\t\t\t\t\t<div class=\"elementor-spacer\">\n\t\t\t<div class=\"elementor-spacer-inner\"><\/div>\n\t\t<\/div>\n\t\t\t\t\t\t<\/div>\n\t\t\t\t<\/div>\n\t\t\t\t\t<\/div>\n\t\t<\/div>\n\t\t\t\t<div class=\"elementor-column elementor-col-50 elementor-top-column elementor-element elementor-element-7858560\" data-id=\"7858560\" data-element_type=\"column\" data-settings=\"{&quot;background_background&quot;:&quot;classic&quot;}\">\n\t\t\t<div class=\"elementor-widget-wrap elementor-element-populated\">\n\t\t\t\t\t\t<section class=\"elementor-section elementor-inner-section elementor-element elementor-element-5622b2e elementor-section-boxed elementor-section-height-default elementor-section-height-default elementor-invisible\" data-id=\"5622b2e\" data-element_type=\"section\" data-settings=\"{&quot;animation&quot;:&quot;fadeInRight&quot;}\">\n\t\t\t\t\t\t<div class=\"elementor-container elementor-column-gap-default\">\n\t\t\t\t\t<div class=\"elementor-column elementor-col-100 elementor-inner-column elementor-element elementor-element-41750c0\" data-id=\"41750c0\" data-element_type=\"column\">\n\t\t\t<div class=\"elementor-widget-wrap elementor-element-populated\">\n\t\t\t\t\t\t<div class=\"elementor-element elementor-element-86cb576 elementor-widget elementor-widget-heading\" data-id=\"86cb576\" data-element_type=\"widget\" data-widget_type=\"heading.default\">\n\t\t\t\t<div class=\"elementor-widget-container\">\n\t\t\t\t\t<h2 class=\"elementor-heading-title elementor-size-default\">Informaci\u00f3n general<\/h2>\t\t\t\t<\/div>\n\t\t\t\t<\/div>\n\t\t\t\t<div class=\"elementor-element elementor-element-05b1acc elementor-widget elementor-widget-text-editor\" data-id=\"05b1acc\" data-element_type=\"widget\" data-widget_type=\"text-editor.default\">\n\t\t\t\t<div class=\"elementor-widget-container\">\n\t\t\t\t\t\t\t\t\t<p>Los ex\u00e1menes oficiales de la Universidad de Cambridge son reconocidos a nivel mundial y aprob\u00e1ndolos se puede acreditar que se han adquirido con \u00e9xito los diferentes niveles de ingl\u00e9s seg\u00fan el Marco Europeo Com\u00fan de Referencia de las Lenguas.<\/p><p>En Covent Garden somos especialistas en la preparaci\u00f3n de los ex\u00e1menes oficiales de Cambridge (con un alto porcentaje de aprobados) y somos centro preparador reconocido por Cambridge English Language Assessment. Al finalizar cada trimestre hacemos simulacros para que los alumnos vean c\u00f3mo funcionan dichos ex\u00e1menes y puedan hacerse a la idea de lo que es una prueba oficial.<\/p><p>La escuela normalmente se hace cargo de los tr\u00e1mites y la matriculaci\u00f3n de los ex\u00e1menes. Actualmente los alumnos de nuestro centro se preparan y pueden presentarse a los ex\u00e1menes Key (A2), Preliminary (B1), First (B2) y Advanced (C1).<\/p>\t\t\t\t\t\t\t\t<\/div>\n\t\t\t\t<\/div>\n\t\t\t\t\t<\/div>\n\t\t<\/div>\n\t\t\t\t\t<\/div>\n\t\t<\/section>\n\t\t\t\t\t<\/div>\n\t\t<\/div>\n\t\t\t\t\t<\/div>\n\t\t<\/section>\n\t\t\t\t<section class=\"elementor-section elementor-top-section elementor-element elementor-element-6ba2d9b elementor-section-boxed elementor-section-height-default elementor-section-height-default\" data-id=\"6ba2d9b\" data-element_type=\"section\">\n\t\t\t\t\t\t<div class=\"elementor-container elementor-column-gap-default\">\n\t\t\t\t\t<div class=\"elementor-column elementor-col-33 elementor-top-column elementor-element elementor-element-c83cf0d\" data-id=\"c83cf0d\" data-element_type=\"column\">\n\t\t\t<div class=\"elementor-widget-wrap elementor-element-populated\">\n\t\t\t\t\t\t<div class=\"elementor-element elementor-element-967c386 elementor-widget elementor-widget-image\" data-id=\"967c386\" data-element_type=\"widget\" data-widget_type=\"image.default\">\n\t\t\t\t<div class=\"elementor-widget-container\">\n\t\t\t\t\t\t\t\t\t\t\t\t\t\t\t<img decoding=\"async\" width=\"300\" height=\"115\" src=\"https:\/\/www.coventgarden.cat\/wp-content\/uploads\/2023\/06\/CUP-Learning-Partner-Positivo-1-300x115.png\" class=\"attachment-medium size-medium wp-image-652\" alt=\"\" srcset=\"https:\/\/www.coventgarden.cat\/wp-content\/uploads\/2023\/06\/CUP-Learning-Partner-Positivo-1-300x115.png 300w, https:\/\/www.coventgarden.cat\/wp-content\/uploads\/2023\/06\/CUP-Learning-Partner-Positivo-1-1024x391.png 1024w, https:\/\/www.coventgarden.cat\/wp-content\/uploads\/2023\/06\/CUP-Learning-Partner-Positivo-1-768x293.png 768w, https:\/\/www.coventgarden.cat\/wp-content\/uploads\/2023\/06\/CUP-Learning-Partner-Positivo-1-1536x587.png 1536w, https:\/\/www.coventgarden.cat\/wp-content\/uploads\/2023\/06\/CUP-Learning-Partner-Positivo-1-2048x782.png 2048w\" sizes=\"(max-width: 300px) 100vw, 300px\" \/>\t\t\t\t\t\t\t\t\t\t\t\t\t\t\t<\/div>\n\t\t\t\t<\/div>\n\t\t\t\t\t<\/div>\n\t\t<\/div>\n\t\t\t\t<div class=\"elementor-column elementor-col-33 elementor-top-column elementor-element elementor-element-57b6dc1\" data-id=\"57b6dc1\" data-element_type=\"column\">\n\t\t\t<div class=\"elementor-widget-wrap elementor-element-populated\">\n\t\t\t\t\t\t<div class=\"elementor-element elementor-element-fa63467 elementor-widget elementor-widget-image\" data-id=\"fa63467\" data-element_type=\"widget\" data-widget_type=\"image.default\">\n\t\t\t\t<div class=\"elementor-widget-container\">\n\t\t\t\t\t\t\t\t\t\t\t\t\t\t\t<img decoding=\"async\" width=\"150\" height=\"150\" src=\"https:\/\/www.coventgarden.cat\/wp-content\/uploads\/2023\/06\/Preparation-Centres-EC-HD-1-150x150.png\" class=\"attachment-thumbnail size-thumbnail wp-image-654\" alt=\"\" srcset=\"https:\/\/www.coventgarden.cat\/wp-content\/uploads\/2023\/06\/Preparation-Centres-EC-HD-1-150x150.png 150w, https:\/\/www.coventgarden.cat\/wp-content\/uploads\/2023\/06\/Preparation-Centres-EC-HD-1-300x298.png 300w, https:\/\/www.coventgarden.cat\/wp-content\/uploads\/2023\/06\/Preparation-Centres-EC-HD-1-1024x1018.png 1024w, https:\/\/www.coventgarden.cat\/wp-content\/uploads\/2023\/06\/Preparation-Centres-EC-HD-1-768x763.png 768w, https:\/\/www.coventgarden.cat\/wp-content\/uploads\/2023\/06\/Preparation-Centres-EC-HD-1-1536x1527.png 1536w, https:\/\/www.coventgarden.cat\/wp-content\/uploads\/2023\/06\/Preparation-Centres-EC-HD-1-2048x2036.png 2048w\" sizes=\"(max-width: 150px) 100vw, 150px\" \/>\t\t\t\t\t\t\t\t\t\t\t\t\t\t\t<\/div>\n\t\t\t\t<\/div>\n\t\t\t\t\t<\/div>\n\t\t<\/div>\n\t\t\t\t<div class=\"elementor-column elementor-col-33 elementor-top-column elementor-element elementor-element-21e5711\" data-id=\"21e5711\" data-element_type=\"column\">\n\t\t\t<div class=\"elementor-widget-wrap elementor-element-populated\">\n\t\t\t\t\t\t<div class=\"elementor-element elementor-element-bf5762c elementor-widget elementor-widget-image\" data-id=\"bf5762c\" data-element_type=\"widget\" data-widget_type=\"image.default\">\n\t\t\t\t<div class=\"elementor-widget-container\">\n\t\t\t\t\t\t\t\t\t\t\t\t\t\t\t<img decoding=\"async\" width=\"300\" height=\"161\" src=\"https:\/\/www.coventgarden.cat\/wp-content\/uploads\/2023\/06\/Prep-centre-logo_RGB-1-300x161.png\" class=\"attachment-medium size-medium wp-image-656\" alt=\"\" srcset=\"https:\/\/www.coventgarden.cat\/wp-content\/uploads\/2023\/06\/Prep-centre-logo_RGB-1-300x161.png 300w, https:\/\/www.coventgarden.cat\/wp-content\/uploads\/2023\/06\/Prep-centre-logo_RGB-1-1024x550.png 1024w, https:\/\/www.coventgarden.cat\/wp-content\/uploads\/2023\/06\/Prep-centre-logo_RGB-1-768x412.png 768w, https:\/\/www.coventgarden.cat\/wp-content\/uploads\/2023\/06\/Prep-centre-logo_RGB-1-1536x824.png 1536w, https:\/\/www.coventgarden.cat\/wp-content\/uploads\/2023\/06\/Prep-centre-logo_RGB-1.png 1787w\" sizes=\"(max-width: 300px) 100vw, 300px\" \/>\t\t\t\t\t\t\t\t\t\t\t\t\t\t\t<\/div>\n\t\t\t\t<\/div>\n\t\t\t\t\t<\/div>\n\t\t<\/div>\n\t\t\t\t\t<\/div>\n\t\t<\/section>\n\t\t\t\t<\/div>\n\t\t","protected":false},"excerpt":{"rendered":"<p>Ex\u00e1menes de Cambridge Acreditan que se han alcanzado con \u00e9xito los diferentes niveles de ingl\u00e9s seg\u00fan el Marco Europeo Com\u00fan de Referencia para las lenguas. Informaci\u00f3n general Los ex\u00e1menes oficiales de la Universidad de Cambridge son reconocidos a nivel mundial y aprob\u00e1ndolos se puede acreditar que se han adquirido con \u00e9xito los diferentes niveles de [&hellip;]<\/p>\n","protected":false},"author":4,"featured_media":0,"parent":0,"menu_order":0,"comment_status":"closed","ping_status":"closed","template":"","meta":{"site-sidebar-layout":"no-sidebar","site-content-layout":"page-builder","ast-site-content-layout":"","site-content-style":"default","site-sidebar-style":"default","ast-global-header-display":"","ast-banner-title-visibility":"","ast-main-header-display":"","ast-hfb-above-header-display":"","ast-hfb-below-header-display":"","ast-hfb-mobile-header-display":"","site-post-title":"disabled","ast-breadcrumbs-content":"","ast-featured-img":"disabled","footer-sml-layout":"","theme-transparent-header-meta":"","adv-header-id-meta":"","stick-header-meta":"","header-above-stick-meta":"","header-main-stick-meta":"","header-below-stick-meta":"","astra-migrate-meta-layouts":"default","ast-page-background-enabled":"default","ast-page-background-meta":{"desktop":{"background-color":"var(--ast-global-color-4)","background-image":"","background-repeat":"repeat","background-position":"center center","background-size":"auto","background-attachment":"scroll","background-type":"","background-media":"","overlay-type":"","overlay-color":"","overlay-opacity":"","overlay-gradient":""},"tablet":{"background-color":"","background-image":"","background-repeat":"repeat","background-position":"center center","background-size":"auto","background-attachment":"scroll","background-type":"","background-media":"","overlay-type":"","overlay-color":"","overlay-opacity":"","overlay-gradient":""},"mobile":{"background-color":"","background-image":"","background-repeat":"repeat","background-position":"center center","background-size":"auto","background-attachment":"scroll","background-type":"","background-media":"","overlay-type":"","overlay-color":"","overlay-opacity":"","overlay-gradient":""}},"ast-content-background-meta":{"desktop":{"background-color":"var(--ast-global-color-5)","background-image":"","background-repeat":"repeat","background-position":"center center","background-size":"auto","background-attachment":"scroll","background-type":"","background-media":"","overlay-type":"","overlay-color":"","overlay-opacity":"","overlay-gradient":""},"tablet":{"background-color":"var(--ast-global-color-5)","background-image":"","background-repeat":"repeat","background-position":"center center","background-size":"auto","background-attachment":"scroll","background-type":"","background-media":"","overlay-type":"","overlay-color":"","overlay-opacity":"","overlay-gradient":""},"mobile":{"background-color":"var(--ast-global-color-5)","background-image":"","background-repeat":"repeat","background-position":"center center","background-size":"auto","background-attachment":"scroll","background-type":"","background-media":"","overlay-type":"","overlay-color":"","overlay-opacity":"","overlay-gradient":""}},"footnotes":""},"class_list":["post-417","page","type-page","status-publish","hentry"],"yoast_head":"<!-- This site is optimized with the Yoast SEO plugin v25.0 - https:\/\/yoast.com\/wordpress\/plugins\/seo\/ -->\n<title>Ex\u00e1menes de Cambridge - Convent Garden - Escola d&#039;angl\u00e8s<\/title>\n<meta name=\"robots\" content=\"index, follow, max-snippet:-1, max-image-preview:large, max-video-preview:-1\" \/>\n<link rel=\"canonical\" href=\"https:\/\/www.coventgarden.cat\/es\/examens-de-cambridge\/\" \/>\n<meta property=\"og:locale\" content=\"es_ES\" \/>\n<meta property=\"og:type\" content=\"article\" \/>\n<meta property=\"og:title\" content=\"Ex\u00e1menes de Cambridge - Convent Garden - Escola d&#039;angl\u00e8s\" \/>\n<meta property=\"og:description\" content=\"Ex\u00e1menes de Cambridge Acreditan que se han alcanzado con \u00e9xito los diferentes niveles de ingl\u00e9s seg\u00fan el Marco Europeo Com\u00fan de Referencia para las lenguas. Informaci\u00f3n general Los ex\u00e1menes oficiales de la Universidad de Cambridge son reconocidos a nivel mundial y aprob\u00e1ndolos se puede acreditar que se han adquirido con \u00e9xito los diferentes niveles de [&hellip;]\" \/>\n<meta property=\"og:url\" content=\"https:\/\/www.coventgarden.cat\/es\/examens-de-cambridge\/\" \/>\n<meta property=\"og:site_name\" content=\"Convent Garden - Escola d&#039;angl\u00e8s\" \/>\n<meta property=\"article:publisher\" content=\"https:\/\/www.facebook.com\/escolaCoventGarden\/\" \/>\n<meta property=\"article:modified_time\" content=\"2023-06-30T08:08:16+00:00\" \/>\n<meta property=\"og:image\" content=\"http:\/\/new.coventgarden.cat\/wp-content\/uploads\/2023\/06\/CUP-Learning-Partner-Positivo-1-300x115.png\" \/>\n<meta name=\"twitter:card\" content=\"summary_large_image\" \/>\n<meta name=\"twitter:label1\" content=\"Tiempo de lectura\" \/>\n\t<meta name=\"twitter:data1\" content=\"1 minuto\" \/>\n<script type=\"application\/ld+json\" class=\"yoast-schema-graph\">{\"@context\":\"https:\/\/schema.org\",\"@graph\":[{\"@type\":\"WebPage\",\"@id\":\"https:\/\/www.coventgarden.cat\/es\/examens-de-cambridge\/\",\"url\":\"https:\/\/www.coventgarden.cat\/es\/examens-de-cambridge\/\",\"name\":\"Ex\u00e1menes de Cambridge - Convent Garden - Escola d&#039;angl\u00e8s\",\"isPartOf\":{\"@id\":\"https:\/\/www.coventgarden.cat\/#website\"},\"primaryImageOfPage\":{\"@id\":\"https:\/\/www.coventgarden.cat\/es\/examens-de-cambridge\/#primaryimage\"},\"image\":{\"@id\":\"https:\/\/www.coventgarden.cat\/es\/examens-de-cambridge\/#primaryimage\"},\"thumbnailUrl\":\"http:\/\/new.coventgarden.cat\/wp-content\/uploads\/2023\/06\/CUP-Learning-Partner-Positivo-1-300x115.png\",\"datePublished\":\"2023-06-15T17:29:12+00:00\",\"dateModified\":\"2023-06-30T08:08:16+00:00\",\"breadcrumb\":{\"@id\":\"https:\/\/www.coventgarden.cat\/es\/examens-de-cambridge\/#breadcrumb\"},\"inLanguage\":\"es\",\"potentialAction\":[{\"@type\":\"ReadAction\",\"target\":[\"https:\/\/www.coventgarden.cat\/es\/examens-de-cambridge\/\"]}]},{\"@type\":\"ImageObject\",\"inLanguage\":\"es\",\"@id\":\"https:\/\/www.coventgarden.cat\/es\/examens-de-cambridge\/#primaryimage\",\"url\":\"http:\/\/new.coventgarden.cat\/wp-content\/uploads\/2023\/06\/CUP-Learning-Partner-Positivo-1-300x115.png\",\"contentUrl\":\"http:\/\/new.coventgarden.cat\/wp-content\/uploads\/2023\/06\/CUP-Learning-Partner-Positivo-1-300x115.png\"},{\"@type\":\"BreadcrumbList\",\"@id\":\"https:\/\/www.coventgarden.cat\/es\/examens-de-cambridge\/#breadcrumb\",\"itemListElement\":[{\"@type\":\"ListItem\",\"position\":1,\"name\":\"Inici\",\"item\":\"https:\/\/www.coventgarden.cat\/es\/\"},{\"@type\":\"ListItem\",\"position\":2,\"name\":\"Ex\u00e1menes de Cambridge\"}]},{\"@type\":\"WebSite\",\"@id\":\"https:\/\/www.coventgarden.cat\/#website\",\"url\":\"https:\/\/www.coventgarden.cat\/\",\"name\":\"Convent Garden - Escola d'angl\u00e8s\",\"description\":\"\",\"publisher\":{\"@id\":\"https:\/\/www.coventgarden.cat\/#organization\"},\"potentialAction\":[{\"@type\":\"SearchAction\",\"target\":{\"@type\":\"EntryPoint\",\"urlTemplate\":\"https:\/\/www.coventgarden.cat\/?s={search_term_string}\"},\"query-input\":{\"@type\":\"PropertyValueSpecification\",\"valueRequired\":true,\"valueName\":\"search_term_string\"}}],\"inLanguage\":\"es\"},{\"@type\":\"Organization\",\"@id\":\"https:\/\/www.coventgarden.cat\/#organization\",\"name\":\"Convent Garden - Escola d'angl\u00e8s\",\"url\":\"https:\/\/www.coventgarden.cat\/\",\"logo\":{\"@type\":\"ImageObject\",\"inLanguage\":\"es\",\"@id\":\"https:\/\/www.coventgarden.cat\/#\/schema\/logo\/image\/\",\"url\":\"https:\/\/www.coventgarden.cat\/wp-content\/uploads\/2023\/05\/cropped-logo-Covent-Garden.png\",\"contentUrl\":\"https:\/\/www.coventgarden.cat\/wp-content\/uploads\/2023\/05\/cropped-logo-Covent-Garden.png\",\"width\":300,\"height\":75,\"caption\":\"Convent Garden - Escola d'angl\u00e8s\"},\"image\":{\"@id\":\"https:\/\/www.coventgarden.cat\/#\/schema\/logo\/image\/\"},\"sameAs\":[\"https:\/\/www.facebook.com\/escolaCoventGarden\/\",\"https:\/\/www.instagram.com\/escolacoventgarden\/\"]}]}<\/script>\n<!-- \/ Yoast SEO plugin. -->","yoast_head_json":{"title":"Ex\u00e1menes de Cambridge - Convent Garden - Escola d&#039;angl\u00e8s","robots":{"index":"index","follow":"follow","max-snippet":"max-snippet:-1","max-image-preview":"max-image-preview:large","max-video-preview":"max-video-preview:-1"},"canonical":"https:\/\/www.coventgarden.cat\/es\/examens-de-cambridge\/","og_locale":"es_ES","og_type":"article","og_title":"Ex\u00e1menes de Cambridge - Convent Garden - Escola d&#039;angl\u00e8s","og_description":"Ex\u00e1menes de Cambridge Acreditan que se han alcanzado con \u00e9xito los diferentes niveles de ingl\u00e9s seg\u00fan el Marco Europeo Com\u00fan de Referencia para las lenguas. Informaci\u00f3n general Los ex\u00e1menes oficiales de la Universidad de Cambridge son reconocidos a nivel mundial y aprob\u00e1ndolos se puede acreditar que se han adquirido con \u00e9xito los diferentes niveles de [&hellip;]","og_url":"https:\/\/www.coventgarden.cat\/es\/examens-de-cambridge\/","og_site_name":"Convent Garden - Escola d&#039;angl\u00e8s","article_publisher":"https:\/\/www.facebook.com\/escolaCoventGarden\/","article_modified_time":"2023-06-30T08:08:16+00:00","og_image":[{"url":"http:\/\/new.coventgarden.cat\/wp-content\/uploads\/2023\/06\/CUP-Learning-Partner-Positivo-1-300x115.png","type":"","width":"","height":""}],"twitter_card":"summary_large_image","twitter_misc":{"Tiempo de lectura":"1 minuto"},"schema":{"@context":"https:\/\/schema.org","@graph":[{"@type":"WebPage","@id":"https:\/\/www.coventgarden.cat\/es\/examens-de-cambridge\/","url":"https:\/\/www.coventgarden.cat\/es\/examens-de-cambridge\/","name":"Ex\u00e1menes de Cambridge - Convent Garden - Escola d&#039;angl\u00e8s","isPartOf":{"@id":"https:\/\/www.coventgarden.cat\/#website"},"primaryImageOfPage":{"@id":"https:\/\/www.coventgarden.cat\/es\/examens-de-cambridge\/#primaryimage"},"image":{"@id":"https:\/\/www.coventgarden.cat\/es\/examens-de-cambridge\/#primaryimage"},"thumbnailUrl":"http:\/\/new.coventgarden.cat\/wp-content\/uploads\/2023\/06\/CUP-Learning-Partner-Positivo-1-300x115.png","datePublished":"2023-06-15T17:29:12+00:00","dateModified":"2023-06-30T08:08:16+00:00","breadcrumb":{"@id":"https:\/\/www.coventgarden.cat\/es\/examens-de-cambridge\/#breadcrumb"},"inLanguage":"es","potentialAction":[{"@type":"ReadAction","target":["https:\/\/www.coventgarden.cat\/es\/examens-de-cambridge\/"]}]},{"@type":"ImageObject","inLanguage":"es","@id":"https:\/\/www.coventgarden.cat\/es\/examens-de-cambridge\/#primaryimage","url":"http:\/\/new.coventgarden.cat\/wp-content\/uploads\/2023\/06\/CUP-Learning-Partner-Positivo-1-300x115.png","contentUrl":"http:\/\/new.coventgarden.cat\/wp-content\/uploads\/2023\/06\/CUP-Learning-Partner-Positivo-1-300x115.png"},{"@type":"BreadcrumbList","@id":"https:\/\/www.coventgarden.cat\/es\/examens-de-cambridge\/#breadcrumb","itemListElement":[{"@type":"ListItem","position":1,"name":"Inici","item":"https:\/\/www.coventgarden.cat\/es\/"},{"@type":"ListItem","position":2,"name":"Ex\u00e1menes de Cambridge"}]},{"@type":"WebSite","@id":"https:\/\/www.coventgarden.cat\/#website","url":"https:\/\/www.coventgarden.cat\/","name":"Convent Garden - Escola d'angl\u00e8s","description":"","publisher":{"@id":"https:\/\/www.coventgarden.cat\/#organization"},"potentialAction":[{"@type":"SearchAction","target":{"@type":"EntryPoint","urlTemplate":"https:\/\/www.coventgarden.cat\/?s={search_term_string}"},"query-input":{"@type":"PropertyValueSpecification","valueRequired":true,"valueName":"search_term_string"}}],"inLanguage":"es"},{"@type":"Organization","@id":"https:\/\/www.coventgarden.cat\/#organization","name":"Convent Garden - Escola d'angl\u00e8s","url":"https:\/\/www.coventgarden.cat\/","logo":{"@type":"ImageObject","inLanguage":"es","@id":"https:\/\/www.coventgarden.cat\/#\/schema\/logo\/image\/","url":"https:\/\/www.coventgarden.cat\/wp-content\/uploads\/2023\/05\/cropped-logo-Covent-Garden.png","contentUrl":"https:\/\/www.coventgarden.cat\/wp-content\/uploads\/2023\/05\/cropped-logo-Covent-Garden.png","width":300,"height":75,"caption":"Convent Garden - Escola d'angl\u00e8s"},"image":{"@id":"https:\/\/www.coventgarden.cat\/#\/schema\/logo\/image\/"},"sameAs":["https:\/\/www.facebook.com\/escolaCoventGarden\/","https:\/\/www.instagram.com\/escolacoventgarden\/"]}]}},"_links":{"self":[{"href":"https:\/\/www.coventgarden.cat\/es\/wp-json\/wp\/v2\/pages\/417","targetHints":{"allow":["GET"]}}],"collection":[{"href":"https:\/\/www.coventgarden.cat\/es\/wp-json\/wp\/v2\/pages"}],"about":[{"href":"https:\/\/www.coventgarden.cat\/es\/wp-json\/wp\/v2\/types\/page"}],"author":[{"embeddable":true,"href":"https:\/\/www.coventgarden.cat\/es\/wp-json\/wp\/v2\/users\/4"}],"replies":[{"embeddable":true,"href":"https:\/\/www.coventgarden.cat\/es\/wp-json\/wp\/v2\/comments?post=417"}],"version-history":[{"count":16,"href":"https:\/\/www.coventgarden.cat\/es\/wp-json\/wp\/v2\/pages\/417\/revisions"}],"predecessor-version":[{"id":667,"href":"https:\/\/www.coventgarden.cat\/es\/wp-json\/wp\/v2\/pages\/417\/revisions\/667"}],"wp:attachment":[{"href":"https:\/\/www.coventgarden.cat\/es\/wp-json\/wp\/v2\/media?parent=417"}],"curies":[{"name":"wp","href":"https:\/\/api.w.org\/{rel}","templated":true}]}}