{"id":409,"date":"2023-06-15T16:54:16","date_gmt":"2023-06-15T16:54:16","guid":{"rendered":"http:\/\/new.coventgarden.cat\/young-aduts\/"},"modified":"2023-07-24T08:10:30","modified_gmt":"2023-07-24T08:10:30","slug":"young-adults","status":"publish","type":"page","link":"https:\/\/www.coventgarden.cat\/es\/young-adults\/","title":{"rendered":"Young adults"},"content":{"rendered":"\t\t<div data-elementor-type=\"wp-page\" data-elementor-id=\"409\" class=\"elementor elementor-409 elementor-244\" data-elementor-post-type=\"page\">\n\t\t\t\t\t\t<section class=\"elementor-section elementor-top-section elementor-element elementor-element-2410665 elementor-section-stretched elementor-section-height-min-height elementor-section-items-stretch elementor-section-boxed elementor-section-height-default\" data-id=\"2410665\" data-element_type=\"section\" data-settings=\"{&quot;stretch_section&quot;:&quot;section-stretched&quot;,&quot;background_background&quot;:&quot;classic&quot;}\">\n\t\t\t\t\t\t<div class=\"elementor-container elementor-column-gap-default\">\n\t\t\t\t\t<div class=\"elementor-column elementor-col-50 elementor-top-column elementor-element elementor-element-25b5af0\" data-id=\"25b5af0\" data-element_type=\"column\" data-settings=\"{&quot;background_background&quot;:&quot;classic&quot;}\">\n\t\t\t<div class=\"elementor-widget-wrap elementor-element-populated\">\n\t\t\t\t\t\t<div class=\"elementor-element elementor-element-fc66556 elementor-widget elementor-widget-heading\" data-id=\"fc66556\" data-element_type=\"widget\" data-widget_type=\"heading.default\">\n\t\t\t\t<div class=\"elementor-widget-container\">\n\t\t\t\t\t<h1 class=\"elementor-heading-title elementor-size-default\">Young Adults<\/h1>\t\t\t\t<\/div>\n\t\t\t\t<\/div>\n\t\t\t\t<div class=\"elementor-element elementor-element-e70903c elementor-widget elementor-widget-heading\" data-id=\"e70903c\" data-element_type=\"widget\" data-widget_type=\"heading.default\">\n\t\t\t\t<div class=\"elementor-widget-container\">\n\t\t\t\t\t<h2 class=\"elementor-heading-title elementor-size-default\">11 a 18 a\u00f1os<\/h2>\t\t\t\t<\/div>\n\t\t\t\t<\/div>\n\t\t\t\t<div class=\"elementor-element elementor-element-2ad1586 elementor-widget elementor-widget-heading\" data-id=\"2ad1586\" data-element_type=\"widget\" data-widget_type=\"heading.default\">\n\t\t\t\t<div class=\"elementor-widget-container\">\n\t\t\t\t\t<p class=\"elementor-heading-title elementor-size-default\">Nos preparamos para tener el t\u00edtulo de la Universidad de Cambridge. <br>Exigencia, m\u00e9todo y tecnolog\u00eda.<\/p>\t\t\t\t<\/div>\n\t\t\t\t<\/div>\n\t\t\t\t\t<\/div>\n\t\t<\/div>\n\t\t\t\t<div class=\"elementor-column elementor-col-50 elementor-top-column elementor-element elementor-element-68e7867\" data-id=\"68e7867\" data-element_type=\"column\" data-settings=\"{&quot;background_background&quot;:&quot;slideshow&quot;,&quot;background_slideshow_gallery&quot;:[],&quot;background_slideshow_loop&quot;:&quot;yes&quot;,&quot;background_slideshow_slide_duration&quot;:5000,&quot;background_slideshow_slide_transition&quot;:&quot;fade&quot;,&quot;background_slideshow_transition_duration&quot;:500}\">\n\t\t\t<div class=\"elementor-widget-wrap\">\n\t\t\t\t\t\t\t<\/div>\n\t\t<\/div>\n\t\t\t\t\t<\/div>\n\t\t<\/section>\n\t\t\t\t<section class=\"elementor-section elementor-top-section elementor-element elementor-element-622aa8f elementor-section-boxed elementor-section-height-default elementor-section-height-default\" data-id=\"622aa8f\" data-element_type=\"section\">\n\t\t\t\t\t\t<div class=\"elementor-container elementor-column-gap-default\">\n\t\t\t\t\t<div class=\"elementor-column elementor-col-50 elementor-top-column elementor-element elementor-element-3e902a2\" data-id=\"3e902a2\" data-element_type=\"column\" data-settings=\"{&quot;background_background&quot;:&quot;classic&quot;}\">\n\t\t\t<div class=\"elementor-widget-wrap elementor-element-populated\">\n\t\t\t\t\t\t<div class=\"elementor-element elementor-element-b4b77bb elementor-widget elementor-widget-spacer\" data-id=\"b4b77bb\" data-element_type=\"widget\" data-widget_type=\"spacer.default\">\n\t\t\t\t<div class=\"elementor-widget-container\">\n\t\t\t\t\t\t\t<div class=\"elementor-spacer\">\n\t\t\t<div class=\"elementor-spacer-inner\"><\/div>\n\t\t<\/div>\n\t\t\t\t\t\t<\/div>\n\t\t\t\t<\/div>\n\t\t\t\t\t<\/div>\n\t\t<\/div>\n\t\t\t\t<div class=\"elementor-column elementor-col-50 elementor-top-column elementor-element elementor-element-7858560\" data-id=\"7858560\" data-element_type=\"column\" data-settings=\"{&quot;background_background&quot;:&quot;classic&quot;}\">\n\t\t\t<div class=\"elementor-widget-wrap elementor-element-populated\">\n\t\t\t\t\t\t<section class=\"elementor-section elementor-inner-section elementor-element elementor-element-5622b2e elementor-section-boxed elementor-section-height-default elementor-section-height-default elementor-invisible\" data-id=\"5622b2e\" data-element_type=\"section\" data-settings=\"{&quot;animation&quot;:&quot;fadeInRight&quot;}\">\n\t\t\t\t\t\t<div class=\"elementor-container elementor-column-gap-default\">\n\t\t\t\t\t<div class=\"elementor-column elementor-col-100 elementor-inner-column elementor-element elementor-element-41750c0\" data-id=\"41750c0\" data-element_type=\"column\">\n\t\t\t<div class=\"elementor-widget-wrap elementor-element-populated\">\n\t\t\t\t\t\t<div class=\"elementor-element elementor-element-86cb576 elementor-widget elementor-widget-heading\" data-id=\"86cb576\" data-element_type=\"widget\" data-widget_type=\"heading.default\">\n\t\t\t\t<div class=\"elementor-widget-container\">\n\t\t\t\t\t<h2 class=\"elementor-heading-title elementor-size-default\">Informaci\u00f3n general<\/h2>\t\t\t\t<\/div>\n\t\t\t\t<\/div>\n\t\t\t\t<div class=\"elementor-element elementor-element-05b1acc elementor-widget elementor-widget-text-editor\" data-id=\"05b1acc\" data-element_type=\"widget\" data-widget_type=\"text-editor.default\">\n\t\t\t\t<div class=\"elementor-widget-container\">\n\t\t\t\t\t\t\t\t\t<ul><li>Cursos dirigidos a alumnos de \u00faltimo ciclo de Educaci\u00f3n Primaria, Educaci\u00f3n Secundaria y Bachillerato (de 11 a 18 a\u00f1os).<\/li><li>Clases de dos horas semanales en d\u00edas no consecutivos, o viernes en horario intensivo.<\/li><li>Grupos reducidos (m\u00e1ximo 9 alumnos por aula).<\/li><\/ul>\t\t\t\t\t\t\t\t<\/div>\n\t\t\t\t<\/div>\n\t\t\t\t<div class=\"elementor-element elementor-element-88fe513 elementor-widget-divider--view-line elementor-widget elementor-widget-divider\" data-id=\"88fe513\" data-element_type=\"widget\" data-widget_type=\"divider.default\">\n\t\t\t\t<div class=\"elementor-widget-container\">\n\t\t\t\t\t\t\t<div class=\"elementor-divider\">\n\t\t\t<span class=\"elementor-divider-separator\">\n\t\t\t\t\t\t<\/span>\n\t\t<\/div>\n\t\t\t\t\t\t<\/div>\n\t\t\t\t<\/div>\n\t\t\t\t\t<\/div>\n\t\t<\/div>\n\t\t\t\t\t<\/div>\n\t\t<\/section>\n\t\t\t\t<section class=\"elementor-section elementor-inner-section elementor-element elementor-element-506c5dc elementor-section-boxed elementor-section-height-default elementor-section-height-default elementor-invisible\" data-id=\"506c5dc\" data-element_type=\"section\" data-settings=\"{&quot;animation&quot;:&quot;fadeInRight&quot;,&quot;animation_delay&quot;:500}\">\n\t\t\t\t\t\t<div class=\"elementor-container elementor-column-gap-default\">\n\t\t\t\t\t<div class=\"elementor-column elementor-col-100 elementor-inner-column elementor-element elementor-element-04a351b\" data-id=\"04a351b\" data-element_type=\"column\">\n\t\t\t<div class=\"elementor-widget-wrap elementor-element-populated\">\n\t\t\t\t\t\t<div class=\"elementor-element elementor-element-38ae2ed elementor-widget elementor-widget-heading\" data-id=\"38ae2ed\" data-element_type=\"widget\" data-widget_type=\"heading.default\">\n\t\t\t\t<div class=\"elementor-widget-container\">\n\t\t\t\t\t<h2 class=\"elementor-heading-title elementor-size-default\">M\u00e9todo y profesorado<\/h2>\t\t\t\t<\/div>\n\t\t\t\t<\/div>\n\t\t\t\t<div class=\"elementor-element elementor-element-37d3ee1 elementor-widget elementor-widget-text-editor\" data-id=\"37d3ee1\" data-element_type=\"widget\" data-widget_type=\"text-editor.default\">\n\t\t\t\t<div class=\"elementor-widget-container\">\n\t\t\t\t\t\t\t\t\t<ul><li>Maestros de Educaci\u00f3n Primaria, fil\u00f3logos y\/o traductores.<\/li><li>El alumno se preparar\u00e1 para desarrollar las competencias ling\u00fc\u00edsticas necesarias para superar los ex\u00e1menes de la Universidad de Cambridge. Estas sesiones son m\u00e1s exigentes que las anteriores, pero el uso de la tecnolog\u00eda en el aula seguir\u00e1 estando presente para incrementar la motivaci\u00f3n y participaci\u00f3n del alumno.<\/li><li>Sesiones \u00edntegramente en ingl\u00e9s, donde se anima a los alumnos a que la lengua inglesa sea siempre la lengua vehicular para hablar tanto con el profesor como con sus compa\u00f1eros.<\/li><\/ul>\t\t\t\t\t\t\t\t<\/div>\n\t\t\t\t<\/div>\n\t\t\t\t<div class=\"elementor-element elementor-element-07c8e21 elementor-widget-divider--view-line elementor-widget elementor-widget-divider\" data-id=\"07c8e21\" data-element_type=\"widget\" data-widget_type=\"divider.default\">\n\t\t\t\t<div class=\"elementor-widget-container\">\n\t\t\t\t\t\t\t<div class=\"elementor-divider\">\n\t\t\t<span class=\"elementor-divider-separator\">\n\t\t\t\t\t\t<\/span>\n\t\t<\/div>\n\t\t\t\t\t\t<\/div>\n\t\t\t\t<\/div>\n\t\t\t\t\t<\/div>\n\t\t<\/div>\n\t\t\t\t\t<\/div>\n\t\t<\/section>\n\t\t\t\t<section class=\"elementor-section elementor-inner-section elementor-element elementor-element-e4e90f5 elementor-section-boxed elementor-section-height-default elementor-section-height-default elementor-invisible\" data-id=\"e4e90f5\" data-element_type=\"section\" data-settings=\"{&quot;animation&quot;:&quot;fadeInRight&quot;,&quot;animation_delay&quot;:1000}\">\n\t\t\t\t\t\t<div class=\"elementor-container elementor-column-gap-default\">\n\t\t\t\t\t<div class=\"elementor-column elementor-col-100 elementor-inner-column elementor-element elementor-element-a3c79e1\" data-id=\"a3c79e1\" data-element_type=\"column\">\n\t\t\t<div class=\"elementor-widget-wrap elementor-element-populated\">\n\t\t\t\t\t\t<div class=\"elementor-element elementor-element-f4b3f16 elementor-widget elementor-widget-heading\" data-id=\"f4b3f16\" data-element_type=\"widget\" data-widget_type=\"heading.default\">\n\t\t\t\t<div class=\"elementor-widget-container\">\n\t\t\t\t\t<h2 class=\"elementor-heading-title elementor-size-default\">Evaluaci\u00f3n<\/h2>\t\t\t\t<\/div>\n\t\t\t\t<\/div>\n\t\t\t\t<div class=\"elementor-element elementor-element-c19ba12 elementor-widget elementor-widget-text-editor\" data-id=\"c19ba12\" data-element_type=\"widget\" data-widget_type=\"text-editor.default\">\n\t\t\t\t<div class=\"elementor-widget-container\">\n\t\t\t\t\t\t\t\t\t<ul><li>Al finalizar cada trimestre, redactamos un informe personalizado a los padres explicando todo lo que se ha hecho en clase, as\u00ed como el progreso de cada alumno y la nota final de los ex\u00e1menes.<\/li><li>Todos los alumnos har\u00e1n ex\u00e1menes donde se evaluar\u00e1 su comprensi\u00f3n lectora, escrita, auditiva y oral. Trabajamos con contenidos y formatos de los ex\u00e1menes oficiales de la Universidad de Cambridge para que se familiaricen con ellos.<\/li><\/ul>\t\t\t\t\t\t\t\t<\/div>\n\t\t\t\t<\/div>\n\t\t\t\t<div class=\"elementor-element elementor-element-a0f3632 elementor-widget-divider--view-line elementor-widget elementor-widget-divider\" data-id=\"a0f3632\" data-element_type=\"widget\" data-widget_type=\"divider.default\">\n\t\t\t\t<div class=\"elementor-widget-container\">\n\t\t\t\t\t\t\t<div class=\"elementor-divider\">\n\t\t\t<span class=\"elementor-divider-separator\">\n\t\t\t\t\t\t<\/span>\n\t\t<\/div>\n\t\t\t\t\t\t<\/div>\n\t\t\t\t<\/div>\n\t\t\t\t<div class=\"elementor-element elementor-element-bb53437 elementor-widget elementor-widget-button\" data-id=\"bb53437\" data-element_type=\"widget\" data-widget_type=\"button.default\">\n\t\t\t\t<div class=\"elementor-widget-container\">\n\t\t\t\t\t\t\t\t\t<div class=\"elementor-button-wrapper\">\n\t\t\t\t\t<a class=\"elementor-button elementor-button-link elementor-size-sm\" href=\"https:\/\/www.coventgarden.cat\/es\/examens-de-cambridge\/\">\n\t\t\t\t\t\t<span class=\"elementor-button-content-wrapper\">\n\t\t\t\t\t\t\t\t\t<span class=\"elementor-button-text\">M\u00e1s info Ex\u00e1menes Cambridge<\/span>\n\t\t\t\t\t<\/span>\n\t\t\t\t\t<\/a>\n\t\t\t\t<\/div>\n\t\t\t\t\t\t\t\t<\/div>\n\t\t\t\t<\/div>\n\t\t\t\t\t<\/div>\n\t\t<\/div>\n\t\t\t\t\t<\/div>\n\t\t<\/section>\n\t\t\t\t\t<\/div>\n\t\t<\/div>\n\t\t\t\t\t<\/div>\n\t\t<\/section>\n\t\t\t\t<\/div>\n\t\t","protected":false},"excerpt":{"rendered":"<p>Young Adults 11 a 18 a\u00f1os Nos preparamos para tener el t\u00edtulo de la Universidad de Cambridge. Exigencia, m\u00e9todo y tecnolog\u00eda. Informaci\u00f3n general Cursos dirigidos a alumnos de \u00faltimo ciclo de Educaci\u00f3n Primaria, Educaci\u00f3n Secundaria y Bachillerato (de 11 a 18 a\u00f1os). Clases de dos horas semanales en d\u00edas no consecutivos, o viernes en horario [&hellip;]<\/p>\n","protected":false},"author":4,"featured_media":0,"parent":0,"menu_order":0,"comment_status":"closed","ping_status":"closed","template":"","meta":{"site-sidebar-layout":"no-sidebar","site-content-layout":"page-builder","ast-site-content-layout":"","site-content-style":"default","site-sidebar-style":"default","ast-global-header-display":"","ast-banner-title-visibility":"","ast-main-header-display":"","ast-hfb-above-header-display":"","ast-hfb-below-header-display":"","ast-hfb-mobile-header-display":"","site-post-title":"disabled","ast-breadcrumbs-content":"","ast-featured-img":"disabled","footer-sml-layout":"","theme-transparent-header-meta":"","adv-header-id-meta":"","stick-header-meta":"","header-above-stick-meta":"","header-main-stick-meta":"","header-below-stick-meta":"","astra-migrate-meta-layouts":"default","ast-page-background-enabled":"default","ast-page-background-meta":{"desktop":{"background-color":"var(--ast-global-color-4)","background-image":"","background-repeat":"repeat","background-position":"center center","background-size":"auto","background-attachment":"scroll","background-type":"","background-media":"","overlay-type":"","overlay-color":"","overlay-opacity":"","overlay-gradient":""},"tablet":{"background-color":"","background-image":"","background-repeat":"repeat","background-position":"center center","background-size":"auto","background-attachment":"scroll","background-type":"","background-media":"","overlay-type":"","overlay-color":"","overlay-opacity":"","overlay-gradient":""},"mobile":{"background-color":"","background-image":"","background-repeat":"repeat","background-position":"center center","background-size":"auto","background-attachment":"scroll","background-type":"","background-media":"","overlay-type":"","overlay-color":"","overlay-opacity":"","overlay-gradient":""}},"ast-content-background-meta":{"desktop":{"background-color":"var(--ast-global-color-5)","background-image":"","background-repeat":"repeat","background-position":"center center","background-size":"auto","background-attachment":"scroll","background-type":"","background-media":"","overlay-type":"","overlay-color":"","overlay-opacity":"","overlay-gradient":""},"tablet":{"background-color":"var(--ast-global-color-5)","background-image":"","background-repeat":"repeat","background-position":"center center","background-size":"auto","background-attachment":"scroll","background-type":"","background-media":"","overlay-type":"","overlay-color":"","overlay-opacity":"","overlay-gradient":""},"mobile":{"background-color":"var(--ast-global-color-5)","background-image":"","background-repeat":"repeat","background-position":"center center","background-size":"auto","background-attachment":"scroll","background-type":"","background-media":"","overlay-type":"","overlay-color":"","overlay-opacity":"","overlay-gradient":""}},"footnotes":""},"class_list":["post-409","page","type-page","status-publish","hentry"],"yoast_head":"<!-- This site is optimized with the Yoast SEO plugin v25.0 - https:\/\/yoast.com\/wordpress\/plugins\/seo\/ -->\n<title>Curso de ingl\u00e9s para j\u00f3venes a Sant Adri\u00e0 de Bes\u00f2s - Covent Garden<\/title>\n<meta name=\"description\" content=\"Curso de ingl\u00e9s para j\u00f3venes de educaci\u00f3n secundaria de 11 a 18 a\u00f1os, realizado por Covent Garden a Sant Adri\u00e0 de Bes\u00f2s. Desarrollo de competencias y motivaci\u00f3n.\" \/>\n<meta name=\"robots\" content=\"index, follow, max-snippet:-1, max-image-preview:large, max-video-preview:-1\" \/>\n<link rel=\"canonical\" href=\"https:\/\/www.coventgarden.cat\/es\/young-adults\/\" \/>\n<meta property=\"og:locale\" content=\"es_ES\" \/>\n<meta property=\"og:type\" content=\"article\" \/>\n<meta property=\"og:title\" content=\"Curso de ingl\u00e9s para j\u00f3venes a Sant Adri\u00e0 de Bes\u00f2s - Covent Garden\" \/>\n<meta property=\"og:description\" content=\"Curso de ingl\u00e9s para j\u00f3venes de educaci\u00f3n secundaria de 11 a 18 a\u00f1os, realizado por Covent Garden a Sant Adri\u00e0 de Bes\u00f2s. Desarrollo de competencias y motivaci\u00f3n.\" \/>\n<meta property=\"og:url\" content=\"https:\/\/www.coventgarden.cat\/es\/young-adults\/\" \/>\n<meta property=\"og:site_name\" content=\"Convent Garden - Escola d&#039;angl\u00e8s\" \/>\n<meta property=\"article:publisher\" content=\"https:\/\/www.facebook.com\/escolaCoventGarden\/\" \/>\n<meta property=\"article:modified_time\" content=\"2023-07-24T08:10:30+00:00\" \/>\n<meta name=\"twitter:card\" content=\"summary_large_image\" \/>\n<meta name=\"twitter:label1\" content=\"Tiempo de lectura\" \/>\n\t<meta name=\"twitter:data1\" content=\"2 minutos\" \/>\n<script type=\"application\/ld+json\" class=\"yoast-schema-graph\">{\"@context\":\"https:\/\/schema.org\",\"@graph\":[{\"@type\":\"WebPage\",\"@id\":\"https:\/\/www.coventgarden.cat\/es\/young-adults\/\",\"url\":\"https:\/\/www.coventgarden.cat\/es\/young-adults\/\",\"name\":\"Curso de ingl\u00e9s para j\u00f3venes a Sant Adri\u00e0 de Bes\u00f2s - Covent Garden\",\"isPartOf\":{\"@id\":\"https:\/\/www.coventgarden.cat\/#website\"},\"datePublished\":\"2023-06-15T16:54:16+00:00\",\"dateModified\":\"2023-07-24T08:10:30+00:00\",\"description\":\"Curso de ingl\u00e9s para j\u00f3venes de educaci\u00f3n secundaria de 11 a 18 a\u00f1os, realizado por Covent Garden a Sant Adri\u00e0 de Bes\u00f2s. Desarrollo de competencias y motivaci\u00f3n.\",\"breadcrumb\":{\"@id\":\"https:\/\/www.coventgarden.cat\/es\/young-adults\/#breadcrumb\"},\"inLanguage\":\"es\",\"potentialAction\":[{\"@type\":\"ReadAction\",\"target\":[\"https:\/\/www.coventgarden.cat\/es\/young-adults\/\"]}]},{\"@type\":\"BreadcrumbList\",\"@id\":\"https:\/\/www.coventgarden.cat\/es\/young-adults\/#breadcrumb\",\"itemListElement\":[{\"@type\":\"ListItem\",\"position\":1,\"name\":\"Inici\",\"item\":\"https:\/\/www.coventgarden.cat\/es\/\"},{\"@type\":\"ListItem\",\"position\":2,\"name\":\"Young adults\"}]},{\"@type\":\"WebSite\",\"@id\":\"https:\/\/www.coventgarden.cat\/#website\",\"url\":\"https:\/\/www.coventgarden.cat\/\",\"name\":\"Convent Garden - Escola d'angl\u00e8s\",\"description\":\"\",\"publisher\":{\"@id\":\"https:\/\/www.coventgarden.cat\/#organization\"},\"potentialAction\":[{\"@type\":\"SearchAction\",\"target\":{\"@type\":\"EntryPoint\",\"urlTemplate\":\"https:\/\/www.coventgarden.cat\/?s={search_term_string}\"},\"query-input\":{\"@type\":\"PropertyValueSpecification\",\"valueRequired\":true,\"valueName\":\"search_term_string\"}}],\"inLanguage\":\"es\"},{\"@type\":\"Organization\",\"@id\":\"https:\/\/www.coventgarden.cat\/#organization\",\"name\":\"Convent Garden - Escola d'angl\u00e8s\",\"url\":\"https:\/\/www.coventgarden.cat\/\",\"logo\":{\"@type\":\"ImageObject\",\"inLanguage\":\"es\",\"@id\":\"https:\/\/www.coventgarden.cat\/#\/schema\/logo\/image\/\",\"url\":\"https:\/\/www.coventgarden.cat\/wp-content\/uploads\/2023\/05\/cropped-logo-Covent-Garden.png\",\"contentUrl\":\"https:\/\/www.coventgarden.cat\/wp-content\/uploads\/2023\/05\/cropped-logo-Covent-Garden.png\",\"width\":300,\"height\":75,\"caption\":\"Convent Garden - Escola d'angl\u00e8s\"},\"image\":{\"@id\":\"https:\/\/www.coventgarden.cat\/#\/schema\/logo\/image\/\"},\"sameAs\":[\"https:\/\/www.facebook.com\/escolaCoventGarden\/\",\"https:\/\/www.instagram.com\/escolacoventgarden\/\"]}]}<\/script>\n<!-- \/ Yoast SEO plugin. -->","yoast_head_json":{"title":"Curso de ingl\u00e9s para j\u00f3venes a Sant Adri\u00e0 de Bes\u00f2s - Covent Garden","description":"Curso de ingl\u00e9s para j\u00f3venes de educaci\u00f3n secundaria de 11 a 18 a\u00f1os, realizado por Covent Garden a Sant Adri\u00e0 de Bes\u00f2s. Desarrollo de competencias y motivaci\u00f3n.","robots":{"index":"index","follow":"follow","max-snippet":"max-snippet:-1","max-image-preview":"max-image-preview:large","max-video-preview":"max-video-preview:-1"},"canonical":"https:\/\/www.coventgarden.cat\/es\/young-adults\/","og_locale":"es_ES","og_type":"article","og_title":"Curso de ingl\u00e9s para j\u00f3venes a Sant Adri\u00e0 de Bes\u00f2s - Covent Garden","og_description":"Curso de ingl\u00e9s para j\u00f3venes de educaci\u00f3n secundaria de 11 a 18 a\u00f1os, realizado por Covent Garden a Sant Adri\u00e0 de Bes\u00f2s. Desarrollo de competencias y motivaci\u00f3n.","og_url":"https:\/\/www.coventgarden.cat\/es\/young-adults\/","og_site_name":"Convent Garden - Escola d&#039;angl\u00e8s","article_publisher":"https:\/\/www.facebook.com\/escolaCoventGarden\/","article_modified_time":"2023-07-24T08:10:30+00:00","twitter_card":"summary_large_image","twitter_misc":{"Tiempo de lectura":"2 minutos"},"schema":{"@context":"https:\/\/schema.org","@graph":[{"@type":"WebPage","@id":"https:\/\/www.coventgarden.cat\/es\/young-adults\/","url":"https:\/\/www.coventgarden.cat\/es\/young-adults\/","name":"Curso de ingl\u00e9s para j\u00f3venes a Sant Adri\u00e0 de Bes\u00f2s - Covent Garden","isPartOf":{"@id":"https:\/\/www.coventgarden.cat\/#website"},"datePublished":"2023-06-15T16:54:16+00:00","dateModified":"2023-07-24T08:10:30+00:00","description":"Curso de ingl\u00e9s para j\u00f3venes de educaci\u00f3n secundaria de 11 a 18 a\u00f1os, realizado por Covent Garden a Sant Adri\u00e0 de Bes\u00f2s. Desarrollo de competencias y motivaci\u00f3n.","breadcrumb":{"@id":"https:\/\/www.coventgarden.cat\/es\/young-adults\/#breadcrumb"},"inLanguage":"es","potentialAction":[{"@type":"ReadAction","target":["https:\/\/www.coventgarden.cat\/es\/young-adults\/"]}]},{"@type":"BreadcrumbList","@id":"https:\/\/www.coventgarden.cat\/es\/young-adults\/#breadcrumb","itemListElement":[{"@type":"ListItem","position":1,"name":"Inici","item":"https:\/\/www.coventgarden.cat\/es\/"},{"@type":"ListItem","position":2,"name":"Young adults"}]},{"@type":"WebSite","@id":"https:\/\/www.coventgarden.cat\/#website","url":"https:\/\/www.coventgarden.cat\/","name":"Convent Garden - Escola d'angl\u00e8s","description":"","publisher":{"@id":"https:\/\/www.coventgarden.cat\/#organization"},"potentialAction":[{"@type":"SearchAction","target":{"@type":"EntryPoint","urlTemplate":"https:\/\/www.coventgarden.cat\/?s={search_term_string}"},"query-input":{"@type":"PropertyValueSpecification","valueRequired":true,"valueName":"search_term_string"}}],"inLanguage":"es"},{"@type":"Organization","@id":"https:\/\/www.coventgarden.cat\/#organization","name":"Convent Garden - Escola d'angl\u00e8s","url":"https:\/\/www.coventgarden.cat\/","logo":{"@type":"ImageObject","inLanguage":"es","@id":"https:\/\/www.coventgarden.cat\/#\/schema\/logo\/image\/","url":"https:\/\/www.coventgarden.cat\/wp-content\/uploads\/2023\/05\/cropped-logo-Covent-Garden.png","contentUrl":"https:\/\/www.coventgarden.cat\/wp-content\/uploads\/2023\/05\/cropped-logo-Covent-Garden.png","width":300,"height":75,"caption":"Convent Garden - Escola d'angl\u00e8s"},"image":{"@id":"https:\/\/www.coventgarden.cat\/#\/schema\/logo\/image\/"},"sameAs":["https:\/\/www.facebook.com\/escolaCoventGarden\/","https:\/\/www.instagram.com\/escolacoventgarden\/"]}]}},"_links":{"self":[{"href":"https:\/\/www.coventgarden.cat\/es\/wp-json\/wp\/v2\/pages\/409","targetHints":{"allow":["GET"]}}],"collection":[{"href":"https:\/\/www.coventgarden.cat\/es\/wp-json\/wp\/v2\/pages"}],"about":[{"href":"https:\/\/www.coventgarden.cat\/es\/wp-json\/wp\/v2\/types\/page"}],"author":[{"embeddable":true,"href":"https:\/\/www.coventgarden.cat\/es\/wp-json\/wp\/v2\/users\/4"}],"replies":[{"embeddable":true,"href":"https:\/\/www.coventgarden.cat\/es\/wp-json\/wp\/v2\/comments?post=409"}],"version-history":[{"count":18,"href":"https:\/\/www.coventgarden.cat\/es\/wp-json\/wp\/v2\/pages\/409\/revisions"}],"predecessor-version":[{"id":813,"href":"https:\/\/www.coventgarden.cat\/es\/wp-json\/wp\/v2\/pages\/409\/revisions\/813"}],"wp:attachment":[{"href":"https:\/\/www.coventgarden.cat\/es\/wp-json\/wp\/v2\/media?parent=409"}],"curies":[{"name":"wp","href":"https:\/\/api.w.org\/{rel}","templated":true}]}}