{"id":398,"date":"2023-06-07T09:34:21","date_gmt":"2023-06-07T09:34:21","guid":{"rendered":"http:\/\/new.coventgarden.cat\/little-kids\/"},"modified":"2023-07-24T08:00:59","modified_gmt":"2023-07-24T08:00:59","slug":"little-kids","status":"publish","type":"page","link":"https:\/\/www.coventgarden.cat\/es\/little-kids\/","title":{"rendered":"Little Kids"},"content":{"rendered":"\t\t<div data-elementor-type=\"wp-page\" data-elementor-id=\"398\" class=\"elementor elementor-398 elementor-190\" data-elementor-post-type=\"page\">\n\t\t\t\t\t\t<section class=\"elementor-section elementor-top-section elementor-element elementor-element-2410665 elementor-section-stretched elementor-section-height-min-height elementor-section-items-stretch elementor-section-boxed elementor-section-height-default\" data-id=\"2410665\" data-element_type=\"section\" data-settings=\"{&quot;stretch_section&quot;:&quot;section-stretched&quot;,&quot;background_background&quot;:&quot;classic&quot;}\">\n\t\t\t\t\t\t<div class=\"elementor-container elementor-column-gap-default\">\n\t\t\t\t\t<div class=\"elementor-column elementor-col-50 elementor-top-column elementor-element elementor-element-25b5af0\" data-id=\"25b5af0\" data-element_type=\"column\" data-settings=\"{&quot;background_background&quot;:&quot;classic&quot;}\">\n\t\t\t<div class=\"elementor-widget-wrap elementor-element-populated\">\n\t\t\t\t\t\t<div class=\"elementor-element elementor-element-fc66556 elementor-widget elementor-widget-heading\" data-id=\"fc66556\" data-element_type=\"widget\" data-widget_type=\"heading.default\">\n\t\t\t\t<div class=\"elementor-widget-container\">\n\t\t\t\t\t<h1 class=\"elementor-heading-title elementor-size-default\">Little Kids<\/h1>\t\t\t\t<\/div>\n\t\t\t\t<\/div>\n\t\t\t\t<div class=\"elementor-element elementor-element-e70903c elementor-widget elementor-widget-heading\" data-id=\"e70903c\" data-element_type=\"widget\" data-widget_type=\"heading.default\">\n\t\t\t\t<div class=\"elementor-widget-container\">\n\t\t\t\t\t<h2 class=\"elementor-heading-title elementor-size-default\">3 a 5 a\u00f1os<\/h2>\t\t\t\t<\/div>\n\t\t\t\t<\/div>\n\t\t\t\t<div class=\"elementor-element elementor-element-2ad1586 elementor-widget elementor-widget-heading\" data-id=\"2ad1586\" data-element_type=\"widget\" data-widget_type=\"heading.default\">\n\t\t\t\t<div class=\"elementor-widget-container\">\n\t\t\t\t\t<p class=\"elementor-heading-title elementor-size-default\">Jugamos e introducimos el ingl\u00e9s<br>con clases muy <br>din\u00e1micas y diversas<\/p>\t\t\t\t<\/div>\n\t\t\t\t<\/div>\n\t\t\t\t\t<\/div>\n\t\t<\/div>\n\t\t\t\t<div class=\"elementor-column elementor-col-50 elementor-top-column elementor-element elementor-element-68e7867\" data-id=\"68e7867\" data-element_type=\"column\" data-settings=\"{&quot;background_background&quot;:&quot;slideshow&quot;,&quot;background_slideshow_gallery&quot;:[],&quot;background_slideshow_loop&quot;:&quot;yes&quot;,&quot;background_slideshow_slide_duration&quot;:5000,&quot;background_slideshow_slide_transition&quot;:&quot;fade&quot;,&quot;background_slideshow_transition_duration&quot;:500}\">\n\t\t\t<div class=\"elementor-widget-wrap\">\n\t\t\t\t\t\t\t<\/div>\n\t\t<\/div>\n\t\t\t\t\t<\/div>\n\t\t<\/section>\n\t\t\t\t<section class=\"elementor-section elementor-top-section elementor-element elementor-element-622aa8f elementor-section-boxed elementor-section-height-default elementor-section-height-default\" data-id=\"622aa8f\" data-element_type=\"section\">\n\t\t\t\t\t\t<div class=\"elementor-container elementor-column-gap-default\">\n\t\t\t\t\t<div class=\"elementor-column elementor-col-50 elementor-top-column elementor-element elementor-element-3e902a2\" data-id=\"3e902a2\" data-element_type=\"column\" data-settings=\"{&quot;background_background&quot;:&quot;classic&quot;}\">\n\t\t\t<div class=\"elementor-widget-wrap elementor-element-populated\">\n\t\t\t\t\t\t<div class=\"elementor-element elementor-element-b4b77bb elementor-widget elementor-widget-spacer\" data-id=\"b4b77bb\" data-element_type=\"widget\" data-widget_type=\"spacer.default\">\n\t\t\t\t<div class=\"elementor-widget-container\">\n\t\t\t\t\t\t\t<div class=\"elementor-spacer\">\n\t\t\t<div class=\"elementor-spacer-inner\"><\/div>\n\t\t<\/div>\n\t\t\t\t\t\t<\/div>\n\t\t\t\t<\/div>\n\t\t\t\t\t<\/div>\n\t\t<\/div>\n\t\t\t\t<div class=\"elementor-column elementor-col-50 elementor-top-column elementor-element elementor-element-7858560\" data-id=\"7858560\" data-element_type=\"column\" data-settings=\"{&quot;background_background&quot;:&quot;classic&quot;}\">\n\t\t\t<div class=\"elementor-widget-wrap elementor-element-populated\">\n\t\t\t\t\t\t<section class=\"elementor-section elementor-inner-section elementor-element elementor-element-5622b2e elementor-section-boxed elementor-section-height-default elementor-section-height-default elementor-invisible\" data-id=\"5622b2e\" data-element_type=\"section\" data-settings=\"{&quot;animation&quot;:&quot;fadeInRight&quot;}\">\n\t\t\t\t\t\t<div class=\"elementor-container elementor-column-gap-default\">\n\t\t\t\t\t<div class=\"elementor-column elementor-col-100 elementor-inner-column elementor-element elementor-element-41750c0\" data-id=\"41750c0\" data-element_type=\"column\">\n\t\t\t<div class=\"elementor-widget-wrap elementor-element-populated\">\n\t\t\t\t\t\t<div class=\"elementor-element elementor-element-86cb576 elementor-widget elementor-widget-heading\" data-id=\"86cb576\" data-element_type=\"widget\" data-widget_type=\"heading.default\">\n\t\t\t\t<div class=\"elementor-widget-container\">\n\t\t\t\t\t<h2 class=\"elementor-heading-title elementor-size-default\">Informaci\u00f3n general<\/h2>\t\t\t\t<\/div>\n\t\t\t\t<\/div>\n\t\t\t\t<div class=\"elementor-element elementor-element-05b1acc elementor-widget elementor-widget-text-editor\" data-id=\"05b1acc\" data-element_type=\"widget\" data-widget_type=\"text-editor.default\">\n\t\t\t\t<div class=\"elementor-widget-container\">\n\t\t\t\t\t\t\t\t\t<ul><li>Cursos dirigidos a ni\u00f1os de Educaci\u00f3n Infantil (de 3 a 5 a\u00f1os) y que tienen su primera toma de contacto con el idioma.<\/li><li>Clases de una hora semanal, siempre en horario de 17:15 a 18:15.<\/li><li>Grupos reducidos (m\u00e1ximo 9 alumnos por aula).<\/li><\/ul>\t\t\t\t\t\t\t\t<\/div>\n\t\t\t\t<\/div>\n\t\t\t\t<div class=\"elementor-element elementor-element-88fe513 elementor-widget-divider--view-line elementor-widget elementor-widget-divider\" data-id=\"88fe513\" data-element_type=\"widget\" data-widget_type=\"divider.default\">\n\t\t\t\t<div class=\"elementor-widget-container\">\n\t\t\t\t\t\t\t<div class=\"elementor-divider\">\n\t\t\t<span class=\"elementor-divider-separator\">\n\t\t\t\t\t\t<\/span>\n\t\t<\/div>\n\t\t\t\t\t\t<\/div>\n\t\t\t\t<\/div>\n\t\t\t\t\t<\/div>\n\t\t<\/div>\n\t\t\t\t\t<\/div>\n\t\t<\/section>\n\t\t\t\t<section class=\"elementor-section elementor-inner-section elementor-element elementor-element-506c5dc elementor-section-boxed elementor-section-height-default elementor-section-height-default elementor-invisible\" data-id=\"506c5dc\" data-element_type=\"section\" data-settings=\"{&quot;animation&quot;:&quot;fadeInRight&quot;,&quot;animation_delay&quot;:500}\">\n\t\t\t\t\t\t<div class=\"elementor-container elementor-column-gap-default\">\n\t\t\t\t\t<div class=\"elementor-column elementor-col-100 elementor-inner-column elementor-element elementor-element-04a351b\" data-id=\"04a351b\" data-element_type=\"column\">\n\t\t\t<div class=\"elementor-widget-wrap elementor-element-populated\">\n\t\t\t\t\t\t<div class=\"elementor-element elementor-element-38ae2ed elementor-widget elementor-widget-heading\" data-id=\"38ae2ed\" data-element_type=\"widget\" data-widget_type=\"heading.default\">\n\t\t\t\t<div class=\"elementor-widget-container\">\n\t\t\t\t\t<h2 class=\"elementor-heading-title elementor-size-default\">M\u00e9todo y profesorado<\/h2>\t\t\t\t<\/div>\n\t\t\t\t<\/div>\n\t\t\t\t<div class=\"elementor-element elementor-element-37d3ee1 elementor-widget elementor-widget-text-editor\" data-id=\"37d3ee1\" data-element_type=\"widget\" data-widget_type=\"text-editor.default\">\n\t\t\t\t<div class=\"elementor-widget-container\">\n\t\t\t\t\t\t\t\t\t<ul><li>Nuestros profesores de Little Kids son maestros especializados en Educaci\u00f3n Infantil.<\/li><li>Sesiones din\u00e1micas que combinan juegos, canciones, videos y otras actividades l\u00fadicas.<\/li><li>Sesiones en ingl\u00e9s, consiguiendo as\u00ed que el alumno aprenda el idioma de una manera natural y gradual. En esta etapa nos centramos en adquirir y practicar la base oral, ya que es la edad donde el alumno aprende m\u00e1s vocabulario.<\/li><\/ul>\t\t\t\t\t\t\t\t<\/div>\n\t\t\t\t<\/div>\n\t\t\t\t<div class=\"elementor-element elementor-element-07c8e21 elementor-widget-divider--view-line elementor-widget elementor-widget-divider\" data-id=\"07c8e21\" data-element_type=\"widget\" data-widget_type=\"divider.default\">\n\t\t\t\t<div class=\"elementor-widget-container\">\n\t\t\t\t\t\t\t<div class=\"elementor-divider\">\n\t\t\t<span class=\"elementor-divider-separator\">\n\t\t\t\t\t\t<\/span>\n\t\t<\/div>\n\t\t\t\t\t\t<\/div>\n\t\t\t\t<\/div>\n\t\t\t\t\t<\/div>\n\t\t<\/div>\n\t\t\t\t\t<\/div>\n\t\t<\/section>\n\t\t\t\t<section class=\"elementor-section elementor-inner-section elementor-element elementor-element-e4e90f5 elementor-section-boxed elementor-section-height-default elementor-section-height-default elementor-invisible\" data-id=\"e4e90f5\" data-element_type=\"section\" data-settings=\"{&quot;animation&quot;:&quot;fadeInRight&quot;,&quot;animation_delay&quot;:1000}\">\n\t\t\t\t\t\t<div class=\"elementor-container elementor-column-gap-default\">\n\t\t\t\t\t<div class=\"elementor-column elementor-col-100 elementor-inner-column elementor-element elementor-element-a3c79e1\" data-id=\"a3c79e1\" data-element_type=\"column\">\n\t\t\t<div class=\"elementor-widget-wrap elementor-element-populated\">\n\t\t\t\t\t\t<div class=\"elementor-element elementor-element-f4b3f16 elementor-widget elementor-widget-heading\" data-id=\"f4b3f16\" data-element_type=\"widget\" data-widget_type=\"heading.default\">\n\t\t\t\t<div class=\"elementor-widget-container\">\n\t\t\t\t\t<h2 class=\"elementor-heading-title elementor-size-default\">Evaluaci\u00f3n<\/h2>\t\t\t\t<\/div>\n\t\t\t\t<\/div>\n\t\t\t\t<div class=\"elementor-element elementor-element-c19ba12 elementor-widget elementor-widget-text-editor\" data-id=\"c19ba12\" data-element_type=\"widget\" data-widget_type=\"text-editor.default\">\n\t\t\t\t<div class=\"elementor-widget-container\">\n\t\t\t\t\t\t\t\t\t<ul><li>Al finalizar cada trimestre, redactamos un informe personalizado a los padres explicando todo lo que se ha hecho en clase, as\u00ed como el progreso de cada alumno.<\/li><\/ul>\t\t\t\t\t\t\t\t<\/div>\n\t\t\t\t<\/div>\n\t\t\t\t<div class=\"elementor-element elementor-element-a0f3632 elementor-widget-divider--view-line elementor-widget elementor-widget-divider\" data-id=\"a0f3632\" data-element_type=\"widget\" data-widget_type=\"divider.default\">\n\t\t\t\t<div class=\"elementor-widget-container\">\n\t\t\t\t\t\t\t<div class=\"elementor-divider\">\n\t\t\t<span class=\"elementor-divider-separator\">\n\t\t\t\t\t\t<\/span>\n\t\t<\/div>\n\t\t\t\t\t\t<\/div>\n\t\t\t\t<\/div>\n\t\t\t\t\t<\/div>\n\t\t<\/div>\n\t\t\t\t\t<\/div>\n\t\t<\/section>\n\t\t\t\t\t<\/div>\n\t\t<\/div>\n\t\t\t\t\t<\/div>\n\t\t<\/section>\n\t\t\t\t<\/div>\n\t\t","protected":false},"excerpt":{"rendered":"<p>Little Kids 3 a 5 a\u00f1os Jugamos e introducimos el ingl\u00e9s con clases muy din\u00e1micas y diversas Informaci\u00f3n general Cursos dirigidos a ni\u00f1os de Educaci\u00f3n Infantil (de 3 a 5 a\u00f1os) y que tienen su primera toma de contacto con el idioma. Clases de una hora semanal, siempre en horario de 17:15 a 18:15. Grupos [&hellip;]<\/p>\n","protected":false},"author":4,"featured_media":0,"parent":0,"menu_order":0,"comment_status":"closed","ping_status":"closed","template":"","meta":{"site-sidebar-layout":"no-sidebar","site-content-layout":"page-builder","ast-site-content-layout":"","site-content-style":"default","site-sidebar-style":"default","ast-global-header-display":"","ast-banner-title-visibility":"","ast-main-header-display":"","ast-hfb-above-header-display":"","ast-hfb-below-header-display":"","ast-hfb-mobile-header-display":"","site-post-title":"disabled","ast-breadcrumbs-content":"","ast-featured-img":"disabled","footer-sml-layout":"","theme-transparent-header-meta":"","adv-header-id-meta":"","stick-header-meta":"","header-above-stick-meta":"","header-main-stick-meta":"","header-below-stick-meta":"","astra-migrate-meta-layouts":"default","ast-page-background-enabled":"default","ast-page-background-meta":{"desktop":{"background-color":"var(--ast-global-color-4)","background-image":"","background-repeat":"repeat","background-position":"center center","background-size":"auto","background-attachment":"scroll","background-type":"","background-media":"","overlay-type":"","overlay-color":"","overlay-opacity":"","overlay-gradient":""},"tablet":{"background-color":"","background-image":"","background-repeat":"repeat","background-position":"center center","background-size":"auto","background-attachment":"scroll","background-type":"","background-media":"","overlay-type":"","overlay-color":"","overlay-opacity":"","overlay-gradient":""},"mobile":{"background-color":"","background-image":"","background-repeat":"repeat","background-position":"center center","background-size":"auto","background-attachment":"scroll","background-type":"","background-media":"","overlay-type":"","overlay-color":"","overlay-opacity":"","overlay-gradient":""}},"ast-content-background-meta":{"desktop":{"background-color":"var(--ast-global-color-5)","background-image":"","background-repeat":"repeat","background-position":"center center","background-size":"auto","background-attachment":"scroll","background-type":"","background-media":"","overlay-type":"","overlay-color":"","overlay-opacity":"","overlay-gradient":""},"tablet":{"background-color":"var(--ast-global-color-5)","background-image":"","background-repeat":"repeat","background-position":"center center","background-size":"auto","background-attachment":"scroll","background-type":"","background-media":"","overlay-type":"","overlay-color":"","overlay-opacity":"","overlay-gradient":""},"mobile":{"background-color":"var(--ast-global-color-5)","background-image":"","background-repeat":"repeat","background-position":"center center","background-size":"auto","background-attachment":"scroll","background-type":"","background-media":"","overlay-type":"","overlay-color":"","overlay-opacity":"","overlay-gradient":""}},"footnotes":""},"class_list":["post-398","page","type-page","status-publish","hentry"],"yoast_head":"<!-- This site is optimized with the Yoast SEO plugin v25.0 - https:\/\/yoast.com\/wordpress\/plugins\/seo\/ -->\n<title>Curso de ingl\u00e9s infantil a Sant Adri\u00e0 de Bes\u00f2s - Covent Garden<\/title>\n<meta name=\"description\" content=\"Curso de ingl\u00e9s infantil a Sant Adri\u00e0 de Bes\u00f2s para ni\u00f1os de 3 a 5 a\u00f1os, realizado por Covent Garden. Clases diversas y din\u00e1micas.\" \/>\n<meta name=\"robots\" content=\"index, follow, max-snippet:-1, max-image-preview:large, max-video-preview:-1\" \/>\n<link rel=\"canonical\" href=\"https:\/\/www.coventgarden.cat\/es\/little-kids\/\" \/>\n<meta property=\"og:locale\" content=\"es_ES\" \/>\n<meta property=\"og:type\" content=\"article\" \/>\n<meta property=\"og:title\" content=\"Curso de ingl\u00e9s infantil a Sant Adri\u00e0 de Bes\u00f2s - Covent Garden\" \/>\n<meta property=\"og:description\" content=\"Curso de ingl\u00e9s infantil a Sant Adri\u00e0 de Bes\u00f2s para ni\u00f1os de 3 a 5 a\u00f1os, realizado por Covent Garden. Clases diversas y din\u00e1micas.\" \/>\n<meta property=\"og:url\" content=\"https:\/\/www.coventgarden.cat\/es\/little-kids\/\" \/>\n<meta property=\"og:site_name\" content=\"Convent Garden - Escola d&#039;angl\u00e8s\" \/>\n<meta property=\"article:publisher\" content=\"https:\/\/www.facebook.com\/escolaCoventGarden\/\" \/>\n<meta property=\"article:modified_time\" content=\"2023-07-24T08:00:59+00:00\" \/>\n<meta name=\"twitter:card\" content=\"summary_large_image\" \/>\n<meta name=\"twitter:label1\" content=\"Tiempo de lectura\" \/>\n\t<meta name=\"twitter:data1\" content=\"1 minuto\" \/>\n<script type=\"application\/ld+json\" class=\"yoast-schema-graph\">{\"@context\":\"https:\/\/schema.org\",\"@graph\":[{\"@type\":\"WebPage\",\"@id\":\"https:\/\/www.coventgarden.cat\/es\/little-kids\/\",\"url\":\"https:\/\/www.coventgarden.cat\/es\/little-kids\/\",\"name\":\"Curso de ingl\u00e9s infantil a Sant Adri\u00e0 de Bes\u00f2s - Covent Garden\",\"isPartOf\":{\"@id\":\"https:\/\/www.coventgarden.cat\/#website\"},\"datePublished\":\"2023-06-07T09:34:21+00:00\",\"dateModified\":\"2023-07-24T08:00:59+00:00\",\"description\":\"Curso de ingl\u00e9s infantil a Sant Adri\u00e0 de Bes\u00f2s para ni\u00f1os de 3 a 5 a\u00f1os, realizado por Covent Garden. Clases diversas y din\u00e1micas.\",\"breadcrumb\":{\"@id\":\"https:\/\/www.coventgarden.cat\/es\/little-kids\/#breadcrumb\"},\"inLanguage\":\"es\",\"potentialAction\":[{\"@type\":\"ReadAction\",\"target\":[\"https:\/\/www.coventgarden.cat\/es\/little-kids\/\"]}]},{\"@type\":\"BreadcrumbList\",\"@id\":\"https:\/\/www.coventgarden.cat\/es\/little-kids\/#breadcrumb\",\"itemListElement\":[{\"@type\":\"ListItem\",\"position\":1,\"name\":\"Inici\",\"item\":\"https:\/\/www.coventgarden.cat\/es\/\"},{\"@type\":\"ListItem\",\"position\":2,\"name\":\"Little Kids\"}]},{\"@type\":\"WebSite\",\"@id\":\"https:\/\/www.coventgarden.cat\/#website\",\"url\":\"https:\/\/www.coventgarden.cat\/\",\"name\":\"Convent Garden - Escola d'angl\u00e8s\",\"description\":\"\",\"publisher\":{\"@id\":\"https:\/\/www.coventgarden.cat\/#organization\"},\"potentialAction\":[{\"@type\":\"SearchAction\",\"target\":{\"@type\":\"EntryPoint\",\"urlTemplate\":\"https:\/\/www.coventgarden.cat\/?s={search_term_string}\"},\"query-input\":{\"@type\":\"PropertyValueSpecification\",\"valueRequired\":true,\"valueName\":\"search_term_string\"}}],\"inLanguage\":\"es\"},{\"@type\":\"Organization\",\"@id\":\"https:\/\/www.coventgarden.cat\/#organization\",\"name\":\"Convent Garden - Escola d'angl\u00e8s\",\"url\":\"https:\/\/www.coventgarden.cat\/\",\"logo\":{\"@type\":\"ImageObject\",\"inLanguage\":\"es\",\"@id\":\"https:\/\/www.coventgarden.cat\/#\/schema\/logo\/image\/\",\"url\":\"https:\/\/www.coventgarden.cat\/wp-content\/uploads\/2023\/05\/cropped-logo-Covent-Garden.png\",\"contentUrl\":\"https:\/\/www.coventgarden.cat\/wp-content\/uploads\/2023\/05\/cropped-logo-Covent-Garden.png\",\"width\":300,\"height\":75,\"caption\":\"Convent Garden - Escola d'angl\u00e8s\"},\"image\":{\"@id\":\"https:\/\/www.coventgarden.cat\/#\/schema\/logo\/image\/\"},\"sameAs\":[\"https:\/\/www.facebook.com\/escolaCoventGarden\/\",\"https:\/\/www.instagram.com\/escolacoventgarden\/\"]}]}<\/script>\n<!-- \/ Yoast SEO plugin. -->","yoast_head_json":{"title":"Curso de ingl\u00e9s infantil a Sant Adri\u00e0 de Bes\u00f2s - Covent Garden","description":"Curso de ingl\u00e9s infantil a Sant Adri\u00e0 de Bes\u00f2s para ni\u00f1os de 3 a 5 a\u00f1os, realizado por Covent Garden. Clases diversas y din\u00e1micas.","robots":{"index":"index","follow":"follow","max-snippet":"max-snippet:-1","max-image-preview":"max-image-preview:large","max-video-preview":"max-video-preview:-1"},"canonical":"https:\/\/www.coventgarden.cat\/es\/little-kids\/","og_locale":"es_ES","og_type":"article","og_title":"Curso de ingl\u00e9s infantil a Sant Adri\u00e0 de Bes\u00f2s - Covent Garden","og_description":"Curso de ingl\u00e9s infantil a Sant Adri\u00e0 de Bes\u00f2s para ni\u00f1os de 3 a 5 a\u00f1os, realizado por Covent Garden. Clases diversas y din\u00e1micas.","og_url":"https:\/\/www.coventgarden.cat\/es\/little-kids\/","og_site_name":"Convent Garden - Escola d&#039;angl\u00e8s","article_publisher":"https:\/\/www.facebook.com\/escolaCoventGarden\/","article_modified_time":"2023-07-24T08:00:59+00:00","twitter_card":"summary_large_image","twitter_misc":{"Tiempo de lectura":"1 minuto"},"schema":{"@context":"https:\/\/schema.org","@graph":[{"@type":"WebPage","@id":"https:\/\/www.coventgarden.cat\/es\/little-kids\/","url":"https:\/\/www.coventgarden.cat\/es\/little-kids\/","name":"Curso de ingl\u00e9s infantil a Sant Adri\u00e0 de Bes\u00f2s - Covent Garden","isPartOf":{"@id":"https:\/\/www.coventgarden.cat\/#website"},"datePublished":"2023-06-07T09:34:21+00:00","dateModified":"2023-07-24T08:00:59+00:00","description":"Curso de ingl\u00e9s infantil a Sant Adri\u00e0 de Bes\u00f2s para ni\u00f1os de 3 a 5 a\u00f1os, realizado por Covent Garden. Clases diversas y din\u00e1micas.","breadcrumb":{"@id":"https:\/\/www.coventgarden.cat\/es\/little-kids\/#breadcrumb"},"inLanguage":"es","potentialAction":[{"@type":"ReadAction","target":["https:\/\/www.coventgarden.cat\/es\/little-kids\/"]}]},{"@type":"BreadcrumbList","@id":"https:\/\/www.coventgarden.cat\/es\/little-kids\/#breadcrumb","itemListElement":[{"@type":"ListItem","position":1,"name":"Inici","item":"https:\/\/www.coventgarden.cat\/es\/"},{"@type":"ListItem","position":2,"name":"Little Kids"}]},{"@type":"WebSite","@id":"https:\/\/www.coventgarden.cat\/#website","url":"https:\/\/www.coventgarden.cat\/","name":"Convent Garden - Escola d'angl\u00e8s","description":"","publisher":{"@id":"https:\/\/www.coventgarden.cat\/#organization"},"potentialAction":[{"@type":"SearchAction","target":{"@type":"EntryPoint","urlTemplate":"https:\/\/www.coventgarden.cat\/?s={search_term_string}"},"query-input":{"@type":"PropertyValueSpecification","valueRequired":true,"valueName":"search_term_string"}}],"inLanguage":"es"},{"@type":"Organization","@id":"https:\/\/www.coventgarden.cat\/#organization","name":"Convent Garden - Escola d'angl\u00e8s","url":"https:\/\/www.coventgarden.cat\/","logo":{"@type":"ImageObject","inLanguage":"es","@id":"https:\/\/www.coventgarden.cat\/#\/schema\/logo\/image\/","url":"https:\/\/www.coventgarden.cat\/wp-content\/uploads\/2023\/05\/cropped-logo-Covent-Garden.png","contentUrl":"https:\/\/www.coventgarden.cat\/wp-content\/uploads\/2023\/05\/cropped-logo-Covent-Garden.png","width":300,"height":75,"caption":"Convent Garden - Escola d'angl\u00e8s"},"image":{"@id":"https:\/\/www.coventgarden.cat\/#\/schema\/logo\/image\/"},"sameAs":["https:\/\/www.facebook.com\/escolaCoventGarden\/","https:\/\/www.instagram.com\/escolacoventgarden\/"]}]}},"_links":{"self":[{"href":"https:\/\/www.coventgarden.cat\/es\/wp-json\/wp\/v2\/pages\/398","targetHints":{"allow":["GET"]}}],"collection":[{"href":"https:\/\/www.coventgarden.cat\/es\/wp-json\/wp\/v2\/pages"}],"about":[{"href":"https:\/\/www.coventgarden.cat\/es\/wp-json\/wp\/v2\/types\/page"}],"author":[{"embeddable":true,"href":"https:\/\/www.coventgarden.cat\/es\/wp-json\/wp\/v2\/users\/4"}],"replies":[{"embeddable":true,"href":"https:\/\/www.coventgarden.cat\/es\/wp-json\/wp\/v2\/comments?post=398"}],"version-history":[{"count":19,"href":"https:\/\/www.coventgarden.cat\/es\/wp-json\/wp\/v2\/pages\/398\/revisions"}],"predecessor-version":[{"id":810,"href":"https:\/\/www.coventgarden.cat\/es\/wp-json\/wp\/v2\/pages\/398\/revisions\/810"}],"wp:attachment":[{"href":"https:\/\/www.coventgarden.cat\/es\/wp-json\/wp\/v2\/media?parent=398"}],"curies":[{"name":"wp","href":"https:\/\/api.w.org\/{rel}","templated":true}]}}